{"id":20477,"date":"2023-09-04T16:08:12","date_gmt":"2023-09-04T16:08:12","guid":{"rendered":"https:\/\/lime-barracuda-517323.hostingersite.com\/skinbooster\/"},"modified":"2025-07-25T10:15:30","modified_gmt":"2025-07-25T10:15:30","slug":"skinbooster","status":"publish","type":"page","link":"https:\/\/pilaresdasaude.pt\/en\/aesthetic-medicine-2\/skinbooster\/","title":{"rendered":"Skinbooster"},"content":{"rendered":"\t\t<div data-elementor-type=\"wp-page\" data-elementor-id=\"20477\" class=\"elementor elementor-20477 elementor-12415\" data-elementor-post-type=\"page\">\n\t\t\t\t\t\t<section class=\"wd-negative-gap elementor-section elementor-top-section elementor-element elementor-element-4f8f47ab elementor-section-boxed elementor-section-height-default elementor-section-height-default\" data-id=\"4f8f47ab\" data-element_type=\"section\" data-e-type=\"section\" data-settings=\"{&quot;ekit_has_onepagescroll_dot&quot;:&quot;yes&quot;}\">\n\t\t\t\t\t\t\t<div class=\"elementor-background-overlay\"><\/div>\n\t\t\t\t\t\t\t<div class=\"elementor-container elementor-column-gap-default\">\n\t\t\t\t\t<div class=\"elementor-column elementor-col-100 elementor-top-column elementor-element elementor-element-499030b0\" data-id=\"499030b0\" data-element_type=\"column\" data-e-type=\"column\">\n\t\t\t<div class=\"elementor-widget-wrap elementor-element-populated\">\n\t\t\t\t\t\t<div class=\"elementor-element elementor-element-56ec10c3 elementor-widget elementor-widget-wd_text_block\" data-id=\"56ec10c3\" data-element_type=\"widget\" data-e-type=\"widget\" data-settings=\"{&quot;ekit_we_effect_on&quot;:&quot;none&quot;}\" data-widget_type=\"wd_text_block.default\">\n\t\t\t\t<div class=\"elementor-widget-container\">\n\t\t\t\t\t\t\t<div class=\"wd-text-block reset-last-child text-center\">\n\t\t\t\n\t\t\t<p class=\"p1\"><b>What is it?<\/b><\/p><p class=\"p1\">Skinbooster is a revolutionary aesthetic treatment that offers deep, long-lasting hydration to the skin. This service, administered by our experienced professionals, helps to restore the skin's natural elasticity, reduce fine lines and improve the overall texture of the skin, providing a rejuvenated and radiant appearance. <\/p><p class=\"p1\"><b>Who is it for?<\/b><\/p><p class=\"p1\">Skinbooster is ideal for patients with dehydrated skin, who have fine lines, wrinkles and want to improve the luminosity and texture of their skin. It is an excellent treatment for all skin types looking for an effective solution to revitalize and deeply hydrate the skin. <\/p><p class=\"p1\"><b>Procedures:<\/b><\/p><p class=\"p1\">- Deep, long-lasting skin hydration<\/p><p class=\"p1\">- Improved skin radiance and texture<\/p><p class=\"p1\">- Reduces the appearance of fine lines and wrinkles<\/p><p class=\"p1\">- Restoration of skin elasticity<\/p><p class=\"p1\">- Facial rejuvenation<\/p><p class=\"p1\">- Improved general skin health<\/p><p class=\"p1\">- Treating dehydrated and dull skin<\/p>\n\t\t\t\t\t<\/div>\n\t\t\t\t\t\t<\/div>\n\t\t\t\t<\/div>\n\t\t\t\t\t<\/div>\n\t\t<\/div>\n\t\t\t\t\t<\/div>\n\t\t<\/section>\n\t\t\t\t<section class=\"wd-negative-gap elementor-section elementor-top-section elementor-element elementor-element-6b576325 elementor-section-boxed elementor-section-height-default elementor-section-height-default\" data-id=\"6b576325\" data-element_type=\"section\" data-e-type=\"section\" data-settings=\"{&quot;ekit_has_onepagescroll_dot&quot;:&quot;yes&quot;}\">\n\t\t\t\t\t\t<div class=\"elementor-container elementor-column-gap-default\">\n\t\t\t\t\t<div class=\"elementor-column elementor-col-100 elementor-top-column elementor-element elementor-element-3b3c260f\" data-id=\"3b3c260f\" data-element_type=\"column\" data-e-type=\"column\">\n\t\t\t<div class=\"elementor-widget-wrap\">\n\t\t\t\t\t\t\t<\/div>\n\t\t<\/div>\n\t\t\t\t\t<\/div>\n\t\t<\/section>\n\t\t\t\t<section class=\"wd-negative-gap elementor-section elementor-top-section elementor-element elementor-element-d2eec07 elementor-section-boxed elementor-section-height-default elementor-section-height-default\" data-id=\"d2eec07\" data-element_type=\"section\" data-e-type=\"section\" data-settings=\"{&quot;ekit_has_onepagescroll_dot&quot;:&quot;yes&quot;}\">\n\t\t\t\t\t\t<div class=\"elementor-container elementor-column-gap-default\">\n\t\t\t\t\t<div class=\"elementor-column elementor-col-100 elementor-top-column elementor-element elementor-element-519d290\" data-id=\"519d290\" data-element_type=\"column\" data-e-type=\"column\">\n\t\t\t<div class=\"elementor-widget-wrap elementor-element-populated\">\n\t\t\t\t\t\t<div class=\"elementor-element elementor-element-b731a14 uael-ba-label-hover uael-ba-halign-flex-start elementor-widget elementor-widget-uael-ba-slider\" data-id=\"b731a14\" data-element_type=\"widget\" data-e-type=\"widget\" data-settings=\"{&quot;ekit_we_effect_on&quot;:&quot;none&quot;}\" data-widget_type=\"uael-ba-slider.default\">\n\t\t\t\t<div class=\"elementor-widget-container\">\n\t\t\t\t\t\t\t<div class=\"uael-before-after-slider\">\r\n\t\t\t<div class=\"uael-ba-container\" data-move-on-hover=\"no\" data-orientation=\"horizontal\" data-offset=\"0.5\">\r\n\t\t\t\t<img decoding=\"async\" class=\"uael-before-img\" style=\"position: absolute;\" src=\"https:\/\/pilaresdasaude.pt\/wp-content\/uploads\/2023\/07\/1-1300x731.png\" alt=\"Before\"\/>\r\n\t\t\t\t<img decoding=\"async\" class=\"uael-after-img\" src=\"https:\/\/pilaresdasaude.pt\/wp-content\/uploads\/2023\/07\/2-1300x731.png\" alt=\"After\"\/>\r\n\t\t\t<\/div>\r\n\t\t<\/div>\r\n\t\t\t\t\t\t<\/div>\n\t\t\t\t<\/div>\n\t\t\t\t\t<\/div>\n\t\t<\/div>\n\t\t\t\t\t<\/div>\n\t\t<\/section>\n\t\t\t\t<\/div>\n\t\t","protected":false},"excerpt":{"rendered":"<p>What is it? Skinbooster is a revolutionary aesthetic treatment that offers deep, long-lasting hydration to the skin. This service, administered<\/p>\n","protected":false},"author":1,"featured_media":0,"parent":20533,"menu_order":0,"comment_status":"closed","ping_status":"closed","template":"elementor_header_footer","meta":{"footnotes":""},"class_list":["post-20477","page","type-page","status-publish","hentry"],"yoast_head":"<!-- This site is optimized with the Yoast SEO Premium plugin v21.7 (Yoast SEO v21.7) - https:\/\/yoast.com\/wordpress\/plugins\/seo\/ -->\n<title>Skinbooster - Pilares da Sa\u00fade<\/title>\n<meta name=\"robots\" content=\"index, follow, max-snippet:-1, max-image-preview:large, max-video-preview:-1\" \/>\n<link rel=\"canonical\" href=\"https:\/\/pilaresdasaude.pt\/en\/aesthetic-medicine-2\/skinbooster\/\" \/>\n<meta property=\"og:locale\" content=\"en_US\" \/>\n<meta property=\"og:type\" content=\"article\" \/>\n<meta property=\"og:title\" content=\"Skinbooster\" \/>\n<meta property=\"og:description\" content=\"What is it? Skinbooster is a revolutionary aesthetic treatment that offers deep, long-lasting hydration to the skin. This service, administered\" \/>\n<meta property=\"og:url\" content=\"https:\/\/pilaresdasaude.pt\/en\/aesthetic-medicine-2\/skinbooster\/\" \/>\n<meta property=\"og:site_name\" content=\"Pilares da Sa\u00fade\" \/>\n<meta property=\"article:modified_time\" content=\"2025-07-25T10:15:30+00:00\" \/>\n<meta property=\"og:image\" content=\"http:\/\/pilaresdasaude.pt\/wp-content\/uploads\/2023\/07\/1-1300x731.png\" \/>\n<meta name=\"twitter:card\" content=\"summary_large_image\" \/>\n<meta name=\"twitter:label1\" content=\"Est. reading time\" \/>\n\t<meta name=\"twitter:data1\" content=\"1 minute\" \/>\n<script type=\"application\/ld+json\" class=\"yoast-schema-graph\">{\"@context\":\"https:\/\/schema.org\",\"@graph\":[{\"@type\":\"WebPage\",\"@id\":\"https:\/\/pilaresdasaude.pt\/en\/aesthetic-medicine-2\/skinbooster\/\",\"url\":\"https:\/\/pilaresdasaude.pt\/en\/aesthetic-medicine-2\/skinbooster\/\",\"name\":\"Skinbooster - Pilares da Sa\u00fade\",\"isPartOf\":{\"@id\":\"https:\/\/pilaresdasaude.pt\/en\/#website\"},\"datePublished\":\"2023-09-04T16:08:12+00:00\",\"dateModified\":\"2025-07-25T10:15:30+00:00\",\"breadcrumb\":{\"@id\":\"https:\/\/pilaresdasaude.pt\/en\/aesthetic-medicine-2\/skinbooster\/#breadcrumb\"},\"inLanguage\":\"en-US\",\"potentialAction\":[{\"@type\":\"ReadAction\",\"target\":[\"https:\/\/pilaresdasaude.pt\/en\/aesthetic-medicine-2\/skinbooster\/\"]}]},{\"@type\":\"BreadcrumbList\",\"@id\":\"https:\/\/pilaresdasaude.pt\/en\/aesthetic-medicine-2\/skinbooster\/#breadcrumb\",\"itemListElement\":[{\"@type\":\"ListItem\",\"position\":1,\"name\":\"In\u00edcio\",\"item\":\"https:\/\/pilaresdasaude.pt\/en\/\"},{\"@type\":\"ListItem\",\"position\":2,\"name\":\"AESTHETIC MEDICINE\",\"item\":\"https:\/\/pilaresdasaude.pt\/en\/aesthetic-medicine-2\/\"},{\"@type\":\"ListItem\",\"position\":3,\"name\":\"Skinbooster\"}]},{\"@type\":\"WebSite\",\"@id\":\"https:\/\/pilaresdasaude.pt\/en\/#website\",\"url\":\"https:\/\/pilaresdasaude.pt\/en\/\",\"name\":\"Pilares da sa\u00fade\",\"description\":\"Cl\u00ednica M\u00e9dica e Est\u00e9tica\",\"publisher\":{\"@id\":\"https:\/\/pilaresdasaude.pt\/en\/#organization\"},\"potentialAction\":[{\"@type\":\"SearchAction\",\"target\":{\"@type\":\"EntryPoint\",\"urlTemplate\":\"https:\/\/pilaresdasaude.pt\/en\/?s={search_term_string}\"},\"query-input\":\"required name=search_term_string\"}],\"inLanguage\":\"en-US\"},{\"@type\":\"Organization\",\"@id\":\"https:\/\/pilaresdasaude.pt\/en\/#organization\",\"name\":\"Pilares da sa\u00fade\",\"url\":\"https:\/\/pilaresdasaude.pt\/en\/\",\"logo\":{\"@type\":\"ImageObject\",\"inLanguage\":\"en-US\",\"@id\":\"https:\/\/pilaresdasaude.pt\/en\/#\/schema\/logo\/image\/\",\"url\":\"http:\/\/pilaresdasaude.pt\/wp-content\/uploads\/2021\/10\/pilares-da-saude-fav.svg\",\"contentUrl\":\"http:\/\/pilaresdasaude.pt\/wp-content\/uploads\/2021\/10\/pilares-da-saude-fav.svg\",\"width\":512,\"height\":512,\"caption\":\"Pilares da sa\u00fade\"},\"image\":{\"@id\":\"https:\/\/pilaresdasaude.pt\/en\/#\/schema\/logo\/image\/\"}}]}<\/script>\n<!-- \/ Yoast SEO Premium plugin. -->","yoast_head_json":{"title":"Skinbooster - Pilares da Sa\u00fade","robots":{"index":"index","follow":"follow","max-snippet":"max-snippet:-1","max-image-preview":"max-image-preview:large","max-video-preview":"max-video-preview:-1"},"canonical":"https:\/\/pilaresdasaude.pt\/en\/aesthetic-medicine-2\/skinbooster\/","og_locale":"en_US","og_type":"article","og_title":"Skinbooster","og_description":"What is it? Skinbooster is a revolutionary aesthetic treatment that offers deep, long-lasting hydration to the skin. This service, administered","og_url":"https:\/\/pilaresdasaude.pt\/en\/aesthetic-medicine-2\/skinbooster\/","og_site_name":"Pilares da Sa\u00fade","article_modified_time":"2025-07-25T10:15:30+00:00","og_image":[{"url":"http:\/\/pilaresdasaude.pt\/wp-content\/uploads\/2023\/07\/1-1300x731.png"}],"twitter_card":"summary_large_image","twitter_misc":{"Est. reading time":"1 minute"},"schema":{"@context":"https:\/\/schema.org","@graph":[{"@type":"WebPage","@id":"https:\/\/pilaresdasaude.pt\/en\/aesthetic-medicine-2\/skinbooster\/","url":"https:\/\/pilaresdasaude.pt\/en\/aesthetic-medicine-2\/skinbooster\/","name":"Skinbooster - Pilares da Sa\u00fade","isPartOf":{"@id":"https:\/\/pilaresdasaude.pt\/en\/#website"},"datePublished":"2023-09-04T16:08:12+00:00","dateModified":"2025-07-25T10:15:30+00:00","breadcrumb":{"@id":"https:\/\/pilaresdasaude.pt\/en\/aesthetic-medicine-2\/skinbooster\/#breadcrumb"},"inLanguage":"en-US","potentialAction":[{"@type":"ReadAction","target":["https:\/\/pilaresdasaude.pt\/en\/aesthetic-medicine-2\/skinbooster\/"]}]},{"@type":"BreadcrumbList","@id":"https:\/\/pilaresdasaude.pt\/en\/aesthetic-medicine-2\/skinbooster\/#breadcrumb","itemListElement":[{"@type":"ListItem","position":1,"name":"In\u00edcio","item":"https:\/\/pilaresdasaude.pt\/en\/"},{"@type":"ListItem","position":2,"name":"AESTHETIC MEDICINE","item":"https:\/\/pilaresdasaude.pt\/en\/aesthetic-medicine-2\/"},{"@type":"ListItem","position":3,"name":"Skinbooster"}]},{"@type":"WebSite","@id":"https:\/\/pilaresdasaude.pt\/en\/#website","url":"https:\/\/pilaresdasaude.pt\/en\/","name":"Pilares da sa\u00fade","description":"Cl\u00ednica M\u00e9dica e Est\u00e9tica","publisher":{"@id":"https:\/\/pilaresdasaude.pt\/en\/#organization"},"potentialAction":[{"@type":"SearchAction","target":{"@type":"EntryPoint","urlTemplate":"https:\/\/pilaresdasaude.pt\/en\/?s={search_term_string}"},"query-input":"required name=search_term_string"}],"inLanguage":"en-US"},{"@type":"Organization","@id":"https:\/\/pilaresdasaude.pt\/en\/#organization","name":"Pilares da sa\u00fade","url":"https:\/\/pilaresdasaude.pt\/en\/","logo":{"@type":"ImageObject","inLanguage":"en-US","@id":"https:\/\/pilaresdasaude.pt\/en\/#\/schema\/logo\/image\/","url":"http:\/\/pilaresdasaude.pt\/wp-content\/uploads\/2021\/10\/pilares-da-saude-fav.svg","contentUrl":"http:\/\/pilaresdasaude.pt\/wp-content\/uploads\/2021\/10\/pilares-da-saude-fav.svg","width":512,"height":512,"caption":"Pilares da sa\u00fade"},"image":{"@id":"https:\/\/pilaresdasaude.pt\/en\/#\/schema\/logo\/image\/"}}]}},"_hostinger_reach_plugin_has_subscription_block":false,"_hostinger_reach_plugin_is_elementor":false,"_links":{"self":[{"href":"https:\/\/pilaresdasaude.pt\/en\/wp-json\/wp\/v2\/pages\/20477","targetHints":{"allow":["GET"]}}],"collection":[{"href":"https:\/\/pilaresdasaude.pt\/en\/wp-json\/wp\/v2\/pages"}],"about":[{"href":"https:\/\/pilaresdasaude.pt\/en\/wp-json\/wp\/v2\/types\/page"}],"author":[{"embeddable":true,"href":"https:\/\/pilaresdasaude.pt\/en\/wp-json\/wp\/v2\/users\/1"}],"replies":[{"embeddable":true,"href":"https:\/\/pilaresdasaude.pt\/en\/wp-json\/wp\/v2\/comments?post=20477"}],"version-history":[{"count":1,"href":"https:\/\/pilaresdasaude.pt\/en\/wp-json\/wp\/v2\/pages\/20477\/revisions"}],"predecessor-version":[{"id":20479,"href":"https:\/\/pilaresdasaude.pt\/en\/wp-json\/wp\/v2\/pages\/20477\/revisions\/20479"}],"up":[{"embeddable":true,"href":"https:\/\/pilaresdasaude.pt\/en\/wp-json\/wp\/v2\/pages\/20533"}],"wp:attachment":[{"href":"https:\/\/pilaresdasaude.pt\/en\/wp-json\/wp\/v2\/media?parent=20477"}],"curies":[{"name":"wp","href":"https:\/\/api.w.org\/{rel}","templated":true}]}}