{"id":20553,"date":"2023-08-26T16:31:50","date_gmt":"2023-08-26T16:31:50","guid":{"rendered":"https:\/\/lime-barracuda-517323.hostingersite.com\/medical-treatments\/ozone-therapy\/"},"modified":"2025-07-25T10:15:41","modified_gmt":"2025-07-25T10:15:41","slug":"ozone-therapy","status":"publish","type":"page","link":"https:\/\/pilaresdasaude.pt\/en\/medical-treatments\/ozone-therapy\/","title":{"rendered":"Ozone therapy"},"content":{"rendered":"\t\t<div data-elementor-type=\"wp-page\" data-elementor-id=\"20553\" class=\"elementor elementor-20553 elementor-12210\" data-elementor-post-type=\"page\">\n\t\t\t\t\t\t<section class=\"wd-negative-gap elementor-section elementor-top-section elementor-element elementor-element-37236ee elementor-section-boxed elementor-section-height-default elementor-section-height-default\" data-id=\"37236ee\" data-element_type=\"section\" data-e-type=\"section\" data-settings=\"{&quot;ekit_has_onepagescroll_dot&quot;:&quot;yes&quot;}\">\n\t\t\t\t\t\t\t<div class=\"elementor-background-overlay\"><\/div>\n\t\t\t\t\t\t\t<div class=\"elementor-container elementor-column-gap-default\">\n\t\t\t\t\t<div class=\"elementor-column elementor-col-100 elementor-top-column elementor-element elementor-element-5dba75c4\" data-id=\"5dba75c4\" data-element_type=\"column\" data-e-type=\"column\">\n\t\t\t<div class=\"elementor-widget-wrap elementor-element-populated\">\n\t\t\t\t\t\t<div class=\"elementor-element elementor-element-527f9ccf elementor-widget elementor-widget-wd_text_block\" data-id=\"527f9ccf\" data-element_type=\"widget\" data-e-type=\"widget\" data-settings=\"{&quot;ekit_we_effect_on&quot;:&quot;none&quot;}\" data-widget_type=\"wd_text_block.default\">\n\t\t\t\t<div class=\"elementor-widget-container\">\n\t\t\t\t\t\t\t<div class=\"wd-text-block reset-last-child text-center\">\n\t\t\t\n\t\t\t<p class=\"ql-align-justify\" style=\"text-align: left;\" data-block-id=\"block-b2eb7711-bfbe-44a1-8642-2598ffa18c86\">Ozone therapy refers to a set of techniques that use ozone as a therapeutic agent. It has disinfectant, anti-inflammatory, circulation-activating and immune system-boosting properties. The most common routes of administration are systemic and local, namely major autohemotherapy, minor autohemotherapy, rectal, ozone bags and local insufflation or through ozone-rich oils. <\/p><p style=\"text-align: left;\">Advantages of ozone therapy:<\/p><ul style=\"text-align: left;\"><li>Safety: The procedure is safe and non-toxic.<\/li><li>Reducing inflammation: Ozone reduces inflammation, thus helping to treat pain.<\/li><li>It helps human cells, which need oxygen.<\/li><li>It helps treat diseases caused by viruses, bacteria, fungi or parasites, which cannot survive in high oxygen concentrations.<\/li><li>Improves physical performance<\/li><li>Combats aging and oxidative stress<\/li><li>Stimulates erythrocyte metabolism<\/li><li>Improves blood flow<\/li><li style=\"list-style-type: none;\"> <\/li><\/ul><p style=\"text-align: left;\">Indications for ozone therapy:<\/p><ul><li style=\"text-align: left;\">Herniated Discs: Relieves pain caused by herniated discs.<\/li><li style=\"text-align: left;\">Arthrosis: Can be used to treat pain associated with joint degeneration.<\/li><li style=\"text-align: left;\">Carpal Tunnel Syndrome: Helps reduce pain in this condition.<\/li><li style=\"text-align: left;\">Ligament and joint pain: Benefits patients with chronic pain.<\/li><li style=\"text-align: left;\">Infectious Diseases<\/li><li style=\"text-align: left;\">Acne<\/li><li style=\"text-align: left;\">Asthma<\/li><li style=\"text-align: left;\">Rheumatological diseases<\/li><li style=\"text-align: left;\">Autoimmune diseases<\/li><li style=\"text-align: left;\">Chronic fatigue<\/li><li style=\"list-style-type: none;\"> <\/li><\/ul>\n\t\t\t\t\t<\/div>\n\t\t\t\t\t\t<\/div>\n\t\t\t\t<\/div>\n\t\t\t\t\t<\/div>\n\t\t<\/div>\n\t\t\t\t\t<\/div>\n\t\t<\/section>\n\t\t\t\t<\/div>\n\t\t","protected":false},"excerpt":{"rendered":"<p>Ozone therapy refers to a set of techniques that use ozone as a therapeutic agent. It has disinfectant, anti-inflammatory, circulation-activating<\/p>\n","protected":false},"author":1,"featured_media":0,"parent":20516,"menu_order":0,"comment_status":"closed","ping_status":"closed","template":"elementor_header_footer","meta":{"footnotes":""},"class_list":["post-20553","page","type-page","status-publish","hentry"],"yoast_head":"<!-- This site is optimized with the Yoast SEO Premium plugin v21.7 (Yoast SEO v21.7) - https:\/\/yoast.com\/wordpress\/plugins\/seo\/ -->\n<title>Ozone therapy - Pilares da Sa\u00fade<\/title>\n<meta name=\"robots\" content=\"index, follow, max-snippet:-1, max-image-preview:large, max-video-preview:-1\" \/>\n<link rel=\"canonical\" href=\"https:\/\/pilaresdasaude.pt\/en\/medical-treatments\/ozone-therapy\/\" \/>\n<meta property=\"og:locale\" content=\"en_US\" \/>\n<meta property=\"og:type\" content=\"article\" \/>\n<meta property=\"og:title\" content=\"Ozone therapy\" \/>\n<meta property=\"og:description\" content=\"Ozone therapy refers to a set of techniques that use ozone as a therapeutic agent. It has disinfectant, anti-inflammatory, circulation-activating\" \/>\n<meta property=\"og:url\" content=\"https:\/\/pilaresdasaude.pt\/en\/medical-treatments\/ozone-therapy\/\" \/>\n<meta property=\"og:site_name\" content=\"Pilares da Sa\u00fade\" \/>\n<meta property=\"article:modified_time\" content=\"2025-07-25T10:15:41+00:00\" \/>\n<meta name=\"twitter:card\" content=\"summary_large_image\" \/>\n<meta name=\"twitter:label1\" content=\"Est. reading time\" \/>\n\t<meta name=\"twitter:data1\" content=\"1 minute\" \/>\n<script type=\"application\/ld+json\" class=\"yoast-schema-graph\">{\"@context\":\"https:\/\/schema.org\",\"@graph\":[{\"@type\":\"WebPage\",\"@id\":\"https:\/\/pilaresdasaude.pt\/en\/medical-treatments\/ozone-therapy\/\",\"url\":\"https:\/\/pilaresdasaude.pt\/en\/medical-treatments\/ozone-therapy\/\",\"name\":\"Ozone therapy - Pilares da Sa\u00fade\",\"isPartOf\":{\"@id\":\"https:\/\/pilaresdasaude.pt\/en\/#website\"},\"datePublished\":\"2023-08-26T16:31:50+00:00\",\"dateModified\":\"2025-07-25T10:15:41+00:00\",\"breadcrumb\":{\"@id\":\"https:\/\/pilaresdasaude.pt\/en\/medical-treatments\/ozone-therapy\/#breadcrumb\"},\"inLanguage\":\"en-US\",\"potentialAction\":[{\"@type\":\"ReadAction\",\"target\":[\"https:\/\/pilaresdasaude.pt\/en\/medical-treatments\/ozone-therapy\/\"]}]},{\"@type\":\"BreadcrumbList\",\"@id\":\"https:\/\/pilaresdasaude.pt\/en\/medical-treatments\/ozone-therapy\/#breadcrumb\",\"itemListElement\":[{\"@type\":\"ListItem\",\"position\":1,\"name\":\"In\u00edcio\",\"item\":\"https:\/\/pilaresdasaude.pt\/en\/\"},{\"@type\":\"ListItem\",\"position\":2,\"name\":\"MEDICAL TREATMENTS\",\"item\":\"https:\/\/pilaresdasaude.pt\/en\/medical-treatments\/\"},{\"@type\":\"ListItem\",\"position\":3,\"name\":\"Ozone therapy\"}]},{\"@type\":\"WebSite\",\"@id\":\"https:\/\/pilaresdasaude.pt\/en\/#website\",\"url\":\"https:\/\/pilaresdasaude.pt\/en\/\",\"name\":\"Pilares da sa\u00fade\",\"description\":\"Cl\u00ednica M\u00e9dica e Est\u00e9tica\",\"publisher\":{\"@id\":\"https:\/\/pilaresdasaude.pt\/en\/#organization\"},\"potentialAction\":[{\"@type\":\"SearchAction\",\"target\":{\"@type\":\"EntryPoint\",\"urlTemplate\":\"https:\/\/pilaresdasaude.pt\/en\/?s={search_term_string}\"},\"query-input\":\"required name=search_term_string\"}],\"inLanguage\":\"en-US\"},{\"@type\":\"Organization\",\"@id\":\"https:\/\/pilaresdasaude.pt\/en\/#organization\",\"name\":\"Pilares da sa\u00fade\",\"url\":\"https:\/\/pilaresdasaude.pt\/en\/\",\"logo\":{\"@type\":\"ImageObject\",\"inLanguage\":\"en-US\",\"@id\":\"https:\/\/pilaresdasaude.pt\/en\/#\/schema\/logo\/image\/\",\"url\":\"http:\/\/pilaresdasaude.pt\/wp-content\/uploads\/2021\/10\/pilares-da-saude-fav.svg\",\"contentUrl\":\"http:\/\/pilaresdasaude.pt\/wp-content\/uploads\/2021\/10\/pilares-da-saude-fav.svg\",\"width\":512,\"height\":512,\"caption\":\"Pilares da sa\u00fade\"},\"image\":{\"@id\":\"https:\/\/pilaresdasaude.pt\/en\/#\/schema\/logo\/image\/\"}}]}<\/script>\n<!-- \/ Yoast SEO Premium plugin. -->","yoast_head_json":{"title":"Ozone therapy - Pilares da Sa\u00fade","robots":{"index":"index","follow":"follow","max-snippet":"max-snippet:-1","max-image-preview":"max-image-preview:large","max-video-preview":"max-video-preview:-1"},"canonical":"https:\/\/pilaresdasaude.pt\/en\/medical-treatments\/ozone-therapy\/","og_locale":"en_US","og_type":"article","og_title":"Ozone therapy","og_description":"Ozone therapy refers to a set of techniques that use ozone as a therapeutic agent. It has disinfectant, anti-inflammatory, circulation-activating","og_url":"https:\/\/pilaresdasaude.pt\/en\/medical-treatments\/ozone-therapy\/","og_site_name":"Pilares da Sa\u00fade","article_modified_time":"2025-07-25T10:15:41+00:00","twitter_card":"summary_large_image","twitter_misc":{"Est. reading time":"1 minute"},"schema":{"@context":"https:\/\/schema.org","@graph":[{"@type":"WebPage","@id":"https:\/\/pilaresdasaude.pt\/en\/medical-treatments\/ozone-therapy\/","url":"https:\/\/pilaresdasaude.pt\/en\/medical-treatments\/ozone-therapy\/","name":"Ozone therapy - Pilares da Sa\u00fade","isPartOf":{"@id":"https:\/\/pilaresdasaude.pt\/en\/#website"},"datePublished":"2023-08-26T16:31:50+00:00","dateModified":"2025-07-25T10:15:41+00:00","breadcrumb":{"@id":"https:\/\/pilaresdasaude.pt\/en\/medical-treatments\/ozone-therapy\/#breadcrumb"},"inLanguage":"en-US","potentialAction":[{"@type":"ReadAction","target":["https:\/\/pilaresdasaude.pt\/en\/medical-treatments\/ozone-therapy\/"]}]},{"@type":"BreadcrumbList","@id":"https:\/\/pilaresdasaude.pt\/en\/medical-treatments\/ozone-therapy\/#breadcrumb","itemListElement":[{"@type":"ListItem","position":1,"name":"In\u00edcio","item":"https:\/\/pilaresdasaude.pt\/en\/"},{"@type":"ListItem","position":2,"name":"MEDICAL TREATMENTS","item":"https:\/\/pilaresdasaude.pt\/en\/medical-treatments\/"},{"@type":"ListItem","position":3,"name":"Ozone therapy"}]},{"@type":"WebSite","@id":"https:\/\/pilaresdasaude.pt\/en\/#website","url":"https:\/\/pilaresdasaude.pt\/en\/","name":"Pilares da sa\u00fade","description":"Cl\u00ednica M\u00e9dica e Est\u00e9tica","publisher":{"@id":"https:\/\/pilaresdasaude.pt\/en\/#organization"},"potentialAction":[{"@type":"SearchAction","target":{"@type":"EntryPoint","urlTemplate":"https:\/\/pilaresdasaude.pt\/en\/?s={search_term_string}"},"query-input":"required name=search_term_string"}],"inLanguage":"en-US"},{"@type":"Organization","@id":"https:\/\/pilaresdasaude.pt\/en\/#organization","name":"Pilares da sa\u00fade","url":"https:\/\/pilaresdasaude.pt\/en\/","logo":{"@type":"ImageObject","inLanguage":"en-US","@id":"https:\/\/pilaresdasaude.pt\/en\/#\/schema\/logo\/image\/","url":"http:\/\/pilaresdasaude.pt\/wp-content\/uploads\/2021\/10\/pilares-da-saude-fav.svg","contentUrl":"http:\/\/pilaresdasaude.pt\/wp-content\/uploads\/2021\/10\/pilares-da-saude-fav.svg","width":512,"height":512,"caption":"Pilares da sa\u00fade"},"image":{"@id":"https:\/\/pilaresdasaude.pt\/en\/#\/schema\/logo\/image\/"}}]}},"_hostinger_reach_plugin_has_subscription_block":false,"_hostinger_reach_plugin_is_elementor":false,"_links":{"self":[{"href":"https:\/\/pilaresdasaude.pt\/en\/wp-json\/wp\/v2\/pages\/20553","targetHints":{"allow":["GET"]}}],"collection":[{"href":"https:\/\/pilaresdasaude.pt\/en\/wp-json\/wp\/v2\/pages"}],"about":[{"href":"https:\/\/pilaresdasaude.pt\/en\/wp-json\/wp\/v2\/types\/page"}],"author":[{"embeddable":true,"href":"https:\/\/pilaresdasaude.pt\/en\/wp-json\/wp\/v2\/users\/1"}],"replies":[{"embeddable":true,"href":"https:\/\/pilaresdasaude.pt\/en\/wp-json\/wp\/v2\/comments?post=20553"}],"version-history":[{"count":1,"href":"https:\/\/pilaresdasaude.pt\/en\/wp-json\/wp\/v2\/pages\/20553\/revisions"}],"predecessor-version":[{"id":20554,"href":"https:\/\/pilaresdasaude.pt\/en\/wp-json\/wp\/v2\/pages\/20553\/revisions\/20554"}],"up":[{"embeddable":true,"href":"https:\/\/pilaresdasaude.pt\/en\/wp-json\/wp\/v2\/pages\/20516"}],"wp:attachment":[{"href":"https:\/\/pilaresdasaude.pt\/en\/wp-json\/wp\/v2\/media?parent=20553"}],"curies":[{"name":"wp","href":"https:\/\/api.w.org\/{rel}","templated":true}]}}