{"id":20604,"date":"2023-09-04T14:08:37","date_gmt":"2023-09-04T14:08:37","guid":{"rendered":"https:\/\/lime-barracuda-517323.hostingersite.com\/medical-treatments\/hydrocolon-therapy\/"},"modified":"2025-07-25T10:16:20","modified_gmt":"2025-07-25T10:16:20","slug":"hydrocolon-therapy","status":"publish","type":"page","link":"https:\/\/pilaresdasaude.pt\/en\/medical-treatments\/hydrocolon-therapy\/","title":{"rendered":"Hydrocolon therapy"},"content":{"rendered":"\t\t<div data-elementor-type=\"wp-page\" data-elementor-id=\"20604\" class=\"elementor elementor-20604 elementor-12227\" data-elementor-post-type=\"page\">\n\t\t\t\t\t\t<section class=\"wd-negative-gap elementor-section elementor-top-section elementor-element elementor-element-37236ee elementor-section-boxed elementor-section-height-default elementor-section-height-default\" data-id=\"37236ee\" data-element_type=\"section\" data-e-type=\"section\" data-settings=\"{&quot;ekit_has_onepagescroll_dot&quot;:&quot;yes&quot;}\">\n\t\t\t\t\t\t\t<div class=\"elementor-background-overlay\"><\/div>\n\t\t\t\t\t\t\t<div class=\"elementor-container elementor-column-gap-default\">\n\t\t\t\t\t<div class=\"elementor-column elementor-col-100 elementor-top-column elementor-element elementor-element-5dba75c4\" data-id=\"5dba75c4\" data-element_type=\"column\" data-e-type=\"column\">\n\t\t\t<div class=\"elementor-widget-wrap elementor-element-populated\">\n\t\t\t\t\t\t<div class=\"elementor-element elementor-element-527f9ccf elementor-widget elementor-widget-wd_text_block\" data-id=\"527f9ccf\" data-element_type=\"widget\" data-e-type=\"widget\" data-settings=\"{&quot;ekit_we_effect_on&quot;:&quot;none&quot;}\" data-widget_type=\"wd_text_block.default\">\n\t\t\t\t<div class=\"elementor-widget-container\">\n\t\t\t\t\t\t\t<div class=\"wd-text-block reset-last-child text-center\">\n\t\t\t\n\t\t\t<div class=\"cu-comment__body-container ng-tns-c1703270929-138 cu-comment__body-container_toolbar\" data-test=\"task-comment__body-container\"><div class=\"cu-comment__text ng-tns-c1703270929-138\"><div class=\"cu-comment-viewer-content__container\"><div class=\"cu-comment-viewer-content\" data-test=\"comment-viewer-content\"><p class=\"ql-align-justify\" style=\"text-align: left;\" data-block-id=\"block-387bf9db-fe01-4d83-b3ec-1801b4cc9562\">Hydrocolon therapy is an invigorating treatment that focuses on cleansing and revitalizing the intestine through the use of purified water at body temperature. This process promotes a therapeutic cleansing of feces, waste and toxic mucus, contributing not only to general well-being, but also being a key method in preparing the intestine for specific surgeries and exams. Through hydrocolon therapy, it is possible to prevent or treat degenerative intestinal diseases such as polyps and diverticula, thus promoting a more robust and balanced intestinal health. The health of the intestine will, in turn, influence the health of the whole body. At Pilares da Sa\u00fade, we are committed to offering safe and effective ways to take care of your health, always with an eye on your well-being.    <\/p><p class=\"ql-align-justify\" style=\"text-align: left;\" data-block-id=\"block-0f37a6cc-2017-4c90-a97d-91b6d1be0025\">Hydrocolon therapy is contraindicated in the following cases:<\/p><p class=\"ql-align-justify\" style=\"text-align: left;\" data-block-id=\"block-26f30e22-5c06-462b-b954-f92b25e8efa8\">Acute intestinal ulcers<\/p><p class=\"ql-align-justify\" style=\"text-align: left;\" data-block-id=\"block-5c96ccf8-fe82-4016-9d71-8362f28af3dd\">Suspected intestinal perforation<\/p><p class=\"ql-align-justify\" style=\"text-align: left;\" data-block-id=\"block-233cbcc5-4096-4ff6-8505-e26234d3d10b\">Severe anal fissure in acute phase or Anal fistula<\/p><p class=\"ql-align-justify\" style=\"text-align: left;\" data-block-id=\"block-b25fc60d-39fa-43dd-863b-b85bebc50341\">Hemorrhagic colitis<\/p><p class=\"ql-align-justify\" style=\"text-align: left;\" data-block-id=\"block-ecdc18b8-db8b-492f-ba13-a285db0d0df6\">Recent colon surgery<\/p><p class=\"ql-align-justify\" style=\"text-align: left;\" data-block-id=\"block-cb9733cb-c0ac-4b2f-85fc-d0b32f73d0c0\">Colon neoplasia<\/p><p class=\"ql-align-justify\" style=\"text-align: left;\" data-block-id=\"block-336c0644-a5ff-439c-808e-62594d15d987\">Severe, uncontrolled hypertension<\/p><p class=\"ql-align-justify\" style=\"text-align: left;\" data-block-id=\"block-f833ca80-9365-4785-a6e0-c2412cc6bde2\">Pregnancy<\/p><p class=\"ql-align-justify\" style=\"text-align: left;\" data-block-id=\"block-cd3117b2-0343-4b67-91c0-1ac08990a31b\">Abdominal hernia<\/p><p class=\"ql-align-justify\" style=\"text-align: left;\" data-block-id=\"block-5c3dbd1d-3a7e-4fe4-9939-6f6a0d9ea28c\">Renal insufficiency<\/p><p class=\"ql-align-justify\" style=\"text-align: left;\" data-block-id=\"block-f6649395-d90a-4527-9107-dcf3bed7b0c2\">Cirrhosis of the liver<\/p><p class=\"ql-align-justify\" style=\"text-align: left;\" data-block-id=\"block-d892c5c5-bd53-44f2-8f57-773b2f1b7b17\">Epilepsy<\/p><p class=\"ql-align-justify\" style=\"text-align: left;\" data-block-id=\"block-04a6ae8b-fc73-4bc5-980e-f74d757918d4\">Severe anemia<\/p><p class=\"ql-align-justify\" style=\"text-align: left;\" data-block-id=\"block-6cd67e9e-60fa-4de0-a62a-683f1127b4ed\">Ozone is introduced in the second phase. As well as being a very powerful disinfectant and nullifying\/neutralizing any infection or inflammation present on the walls of the intestine, it eliminates some micro-organisms that are harmful to intestinal health. Ozone is also an excellent cell regenerator and stimulates your immune system.  <\/p><\/div><\/div><\/div><\/div>\n\t\t\t\t\t<\/div>\n\t\t\t\t\t\t<\/div>\n\t\t\t\t<\/div>\n\t\t\t\t\t<\/div>\n\t\t<\/div>\n\t\t\t\t\t<\/div>\n\t\t<\/section>\n\t\t\t\t<\/div>\n\t\t","protected":false},"excerpt":{"rendered":"<p>Hydrocolon therapy is an invigorating treatment that focuses on cleansing and revitalizing the intestine through the use of purified water<\/p>\n","protected":false},"author":1,"featured_media":0,"parent":20516,"menu_order":0,"comment_status":"closed","ping_status":"closed","template":"elementor_header_footer","meta":{"footnotes":""},"class_list":["post-20604","page","type-page","status-publish","hentry"],"yoast_head":"<!-- This site is optimized with the Yoast SEO Premium plugin v21.7 (Yoast SEO v21.7) - https:\/\/yoast.com\/wordpress\/plugins\/seo\/ -->\n<title>Hydrocolon therapy - Pilares da Sa\u00fade<\/title>\n<meta name=\"robots\" content=\"index, follow, max-snippet:-1, max-image-preview:large, max-video-preview:-1\" \/>\n<link rel=\"canonical\" href=\"https:\/\/pilaresdasaude.pt\/en\/medical-treatments\/hydrocolon-therapy\/\" \/>\n<meta property=\"og:locale\" content=\"en_US\" \/>\n<meta property=\"og:type\" content=\"article\" \/>\n<meta property=\"og:title\" content=\"Hydrocolon therapy\" \/>\n<meta property=\"og:description\" content=\"Hydrocolon therapy is an invigorating treatment that focuses on cleansing and revitalizing the intestine through the use of purified water\" \/>\n<meta property=\"og:url\" content=\"https:\/\/pilaresdasaude.pt\/en\/medical-treatments\/hydrocolon-therapy\/\" \/>\n<meta property=\"og:site_name\" content=\"Pilares da Sa\u00fade\" \/>\n<meta property=\"article:modified_time\" content=\"2025-07-25T10:16:20+00:00\" \/>\n<meta name=\"twitter:card\" content=\"summary_large_image\" \/>\n<meta name=\"twitter:label1\" content=\"Est. reading time\" \/>\n\t<meta name=\"twitter:data1\" content=\"1 minute\" \/>\n<script type=\"application\/ld+json\" class=\"yoast-schema-graph\">{\"@context\":\"https:\/\/schema.org\",\"@graph\":[{\"@type\":\"WebPage\",\"@id\":\"https:\/\/pilaresdasaude.pt\/en\/medical-treatments\/hydrocolon-therapy\/\",\"url\":\"https:\/\/pilaresdasaude.pt\/en\/medical-treatments\/hydrocolon-therapy\/\",\"name\":\"Hydrocolon therapy - Pilares da Sa\u00fade\",\"isPartOf\":{\"@id\":\"https:\/\/pilaresdasaude.pt\/en\/#website\"},\"datePublished\":\"2023-09-04T14:08:37+00:00\",\"dateModified\":\"2025-07-25T10:16:20+00:00\",\"breadcrumb\":{\"@id\":\"https:\/\/pilaresdasaude.pt\/en\/medical-treatments\/hydrocolon-therapy\/#breadcrumb\"},\"inLanguage\":\"en-US\",\"potentialAction\":[{\"@type\":\"ReadAction\",\"target\":[\"https:\/\/pilaresdasaude.pt\/en\/medical-treatments\/hydrocolon-therapy\/\"]}]},{\"@type\":\"BreadcrumbList\",\"@id\":\"https:\/\/pilaresdasaude.pt\/en\/medical-treatments\/hydrocolon-therapy\/#breadcrumb\",\"itemListElement\":[{\"@type\":\"ListItem\",\"position\":1,\"name\":\"In\u00edcio\",\"item\":\"https:\/\/pilaresdasaude.pt\/en\/\"},{\"@type\":\"ListItem\",\"position\":2,\"name\":\"MEDICAL TREATMENTS\",\"item\":\"https:\/\/pilaresdasaude.pt\/en\/medical-treatments\/\"},{\"@type\":\"ListItem\",\"position\":3,\"name\":\"Hydrocolon therapy\"}]},{\"@type\":\"WebSite\",\"@id\":\"https:\/\/pilaresdasaude.pt\/en\/#website\",\"url\":\"https:\/\/pilaresdasaude.pt\/en\/\",\"name\":\"Pilares da sa\u00fade\",\"description\":\"Cl\u00ednica M\u00e9dica e Est\u00e9tica\",\"publisher\":{\"@id\":\"https:\/\/pilaresdasaude.pt\/en\/#organization\"},\"potentialAction\":[{\"@type\":\"SearchAction\",\"target\":{\"@type\":\"EntryPoint\",\"urlTemplate\":\"https:\/\/pilaresdasaude.pt\/en\/?s={search_term_string}\"},\"query-input\":\"required name=search_term_string\"}],\"inLanguage\":\"en-US\"},{\"@type\":\"Organization\",\"@id\":\"https:\/\/pilaresdasaude.pt\/en\/#organization\",\"name\":\"Pilares da sa\u00fade\",\"url\":\"https:\/\/pilaresdasaude.pt\/en\/\",\"logo\":{\"@type\":\"ImageObject\",\"inLanguage\":\"en-US\",\"@id\":\"https:\/\/pilaresdasaude.pt\/en\/#\/schema\/logo\/image\/\",\"url\":\"http:\/\/pilaresdasaude.pt\/wp-content\/uploads\/2021\/10\/pilares-da-saude-fav.svg\",\"contentUrl\":\"http:\/\/pilaresdasaude.pt\/wp-content\/uploads\/2021\/10\/pilares-da-saude-fav.svg\",\"width\":512,\"height\":512,\"caption\":\"Pilares da sa\u00fade\"},\"image\":{\"@id\":\"https:\/\/pilaresdasaude.pt\/en\/#\/schema\/logo\/image\/\"}}]}<\/script>\n<!-- \/ Yoast SEO Premium plugin. -->","yoast_head_json":{"title":"Hydrocolon therapy - Pilares da Sa\u00fade","robots":{"index":"index","follow":"follow","max-snippet":"max-snippet:-1","max-image-preview":"max-image-preview:large","max-video-preview":"max-video-preview:-1"},"canonical":"https:\/\/pilaresdasaude.pt\/en\/medical-treatments\/hydrocolon-therapy\/","og_locale":"en_US","og_type":"article","og_title":"Hydrocolon therapy","og_description":"Hydrocolon therapy is an invigorating treatment that focuses on cleansing and revitalizing the intestine through the use of purified water","og_url":"https:\/\/pilaresdasaude.pt\/en\/medical-treatments\/hydrocolon-therapy\/","og_site_name":"Pilares da Sa\u00fade","article_modified_time":"2025-07-25T10:16:20+00:00","twitter_card":"summary_large_image","twitter_misc":{"Est. reading time":"1 minute"},"schema":{"@context":"https:\/\/schema.org","@graph":[{"@type":"WebPage","@id":"https:\/\/pilaresdasaude.pt\/en\/medical-treatments\/hydrocolon-therapy\/","url":"https:\/\/pilaresdasaude.pt\/en\/medical-treatments\/hydrocolon-therapy\/","name":"Hydrocolon therapy - Pilares da Sa\u00fade","isPartOf":{"@id":"https:\/\/pilaresdasaude.pt\/en\/#website"},"datePublished":"2023-09-04T14:08:37+00:00","dateModified":"2025-07-25T10:16:20+00:00","breadcrumb":{"@id":"https:\/\/pilaresdasaude.pt\/en\/medical-treatments\/hydrocolon-therapy\/#breadcrumb"},"inLanguage":"en-US","potentialAction":[{"@type":"ReadAction","target":["https:\/\/pilaresdasaude.pt\/en\/medical-treatments\/hydrocolon-therapy\/"]}]},{"@type":"BreadcrumbList","@id":"https:\/\/pilaresdasaude.pt\/en\/medical-treatments\/hydrocolon-therapy\/#breadcrumb","itemListElement":[{"@type":"ListItem","position":1,"name":"In\u00edcio","item":"https:\/\/pilaresdasaude.pt\/en\/"},{"@type":"ListItem","position":2,"name":"MEDICAL TREATMENTS","item":"https:\/\/pilaresdasaude.pt\/en\/medical-treatments\/"},{"@type":"ListItem","position":3,"name":"Hydrocolon therapy"}]},{"@type":"WebSite","@id":"https:\/\/pilaresdasaude.pt\/en\/#website","url":"https:\/\/pilaresdasaude.pt\/en\/","name":"Pilares da sa\u00fade","description":"Cl\u00ednica M\u00e9dica e Est\u00e9tica","publisher":{"@id":"https:\/\/pilaresdasaude.pt\/en\/#organization"},"potentialAction":[{"@type":"SearchAction","target":{"@type":"EntryPoint","urlTemplate":"https:\/\/pilaresdasaude.pt\/en\/?s={search_term_string}"},"query-input":"required name=search_term_string"}],"inLanguage":"en-US"},{"@type":"Organization","@id":"https:\/\/pilaresdasaude.pt\/en\/#organization","name":"Pilares da sa\u00fade","url":"https:\/\/pilaresdasaude.pt\/en\/","logo":{"@type":"ImageObject","inLanguage":"en-US","@id":"https:\/\/pilaresdasaude.pt\/en\/#\/schema\/logo\/image\/","url":"http:\/\/pilaresdasaude.pt\/wp-content\/uploads\/2021\/10\/pilares-da-saude-fav.svg","contentUrl":"http:\/\/pilaresdasaude.pt\/wp-content\/uploads\/2021\/10\/pilares-da-saude-fav.svg","width":512,"height":512,"caption":"Pilares da sa\u00fade"},"image":{"@id":"https:\/\/pilaresdasaude.pt\/en\/#\/schema\/logo\/image\/"}}]}},"_hostinger_reach_plugin_has_subscription_block":false,"_hostinger_reach_plugin_is_elementor":false,"_links":{"self":[{"href":"https:\/\/pilaresdasaude.pt\/en\/wp-json\/wp\/v2\/pages\/20604","targetHints":{"allow":["GET"]}}],"collection":[{"href":"https:\/\/pilaresdasaude.pt\/en\/wp-json\/wp\/v2\/pages"}],"about":[{"href":"https:\/\/pilaresdasaude.pt\/en\/wp-json\/wp\/v2\/types\/page"}],"author":[{"embeddable":true,"href":"https:\/\/pilaresdasaude.pt\/en\/wp-json\/wp\/v2\/users\/1"}],"replies":[{"embeddable":true,"href":"https:\/\/pilaresdasaude.pt\/en\/wp-json\/wp\/v2\/comments?post=20604"}],"version-history":[{"count":1,"href":"https:\/\/pilaresdasaude.pt\/en\/wp-json\/wp\/v2\/pages\/20604\/revisions"}],"predecessor-version":[{"id":20606,"href":"https:\/\/pilaresdasaude.pt\/en\/wp-json\/wp\/v2\/pages\/20604\/revisions\/20606"}],"up":[{"embeddable":true,"href":"https:\/\/pilaresdasaude.pt\/en\/wp-json\/wp\/v2\/pages\/20516"}],"wp:attachment":[{"href":"https:\/\/pilaresdasaude.pt\/en\/wp-json\/wp\/v2\/media?parent=20604"}],"curies":[{"name":"wp","href":"https:\/\/api.w.org\/{rel}","templated":true}]}}