{"id":20595,"date":"2023-08-26T16:31:50","date_gmt":"2023-08-26T16:31:50","guid":{"rendered":"https:\/\/lime-barracuda-517323.hostingersite.com\/tratamientos-medicos\/ozonoterapia\/"},"modified":"2025-07-25T10:16:20","modified_gmt":"2025-07-25T10:16:20","slug":"ozonoterapia","status":"publish","type":"page","link":"https:\/\/pilaresdasaude.pt\/es\/tratamientos-medicos\/ozonoterapia\/","title":{"rendered":"Ozonoterapia"},"content":{"rendered":"\t\t<div data-elementor-type=\"wp-page\" data-elementor-id=\"20595\" class=\"elementor elementor-20595 elementor-12210\" data-elementor-post-type=\"page\">\n\t\t\t\t\t\t<section class=\"wd-negative-gap elementor-section elementor-top-section elementor-element elementor-element-37236ee elementor-section-boxed elementor-section-height-default elementor-section-height-default\" data-id=\"37236ee\" data-element_type=\"section\" data-e-type=\"section\" data-settings=\"{&quot;ekit_has_onepagescroll_dot&quot;:&quot;yes&quot;}\">\n\t\t\t\t\t\t\t<div class=\"elementor-background-overlay\"><\/div>\n\t\t\t\t\t\t\t<div class=\"elementor-container elementor-column-gap-default\">\n\t\t\t\t\t<div class=\"elementor-column elementor-col-100 elementor-top-column elementor-element elementor-element-5dba75c4\" data-id=\"5dba75c4\" data-element_type=\"column\" data-e-type=\"column\">\n\t\t\t<div class=\"elementor-widget-wrap elementor-element-populated\">\n\t\t\t\t\t\t<div class=\"elementor-element elementor-element-527f9ccf elementor-widget elementor-widget-wd_text_block\" data-id=\"527f9ccf\" data-element_type=\"widget\" data-e-type=\"widget\" data-settings=\"{&quot;ekit_we_effect_on&quot;:&quot;none&quot;}\" data-widget_type=\"wd_text_block.default\">\n\t\t\t\t<div class=\"elementor-widget-container\">\n\t\t\t\t\t\t\t<div class=\"wd-text-block reset-last-child text-center\">\n\t\t\t\n\t\t\t<p class=\"ql-align-justify\" style=\"text-align: left;\" data-block-id=\"block-b2eb7711-bfbe-44a1-8642-2598ffa18c86\">La ozonoterapia se refiere a un conjunto de t\u00e9cnicas que utilizan el ozono como agente terap\u00e9utico. Tiene propiedades desinfectantes, antiinflamatorias, activadoras de la circulaci\u00f3n y potenciadoras del sistema inmunitario. Las v\u00edas de administraci\u00f3n m\u00e1s comunes son la sist\u00e9mica y la local, a saber, autohemoterapia mayor, autohemoterapia menor, rectal, bolsas de ozono e insuflaci\u00f3n local o mediante aceites ricos en ozono.  <\/p><p style=\"text-align: left;\">Ventajas de la ozonoterapia:<\/p><ul style=\"text-align: left;\"><li>Seguridad: El procedimiento es seguro y no t\u00f3xico.<\/li><li>Reducci\u00f3n de la inflamaci\u00f3n: El ozono reduce la inflamaci\u00f3n, favoreciendo el tratamiento del dolor.<\/li><li>Ayuda a las c\u00e9lulas humanas, que necesitan ox\u00edgeno.<\/li><li>Ayuda a tratar enfermedades causadas por virus, bacterias, hongos o par\u00e1sitos, que no pueden sobrevivir en altas concentraciones de ox\u00edgeno.<\/li><li>Mejora el rendimiento f\u00edsico<\/li><li>Combate el envejecimiento y el estr\u00e9s oxidativo<\/li><li>Estimula el metabolismo eritrocitario<\/li><li>Mejora el flujo sangu\u00edneo<\/li><li style=\"list-style-type: none;\"> <\/li><\/ul><p style=\"text-align: left;\">Indicaciones de la ozonoterapia:<\/p><ul><li style=\"text-align: left;\">Hernias discales: Alivia el dolor causado por las hernias discales.<\/li><li style=\"text-align: left;\">Artrosis: Puede utilizarse para tratar el dolor asociado a la degeneraci\u00f3n articular.<\/li><li style=\"text-align: left;\">S\u00edndrome del t\u00fanel carpiano: Ayuda a reducir el dolor en esta afecci\u00f3n.<\/li><li style=\"text-align: left;\">Dolor de ligamentos y articulaciones: beneficios para pacientes con dolor cr\u00f3nico.<\/li><li style=\"text-align: left;\">Enfermedades infecciosas<\/li><li style=\"text-align: left;\">Acn\u00e9<\/li><li style=\"text-align: left;\">Asma<\/li><li style=\"text-align: left;\">Enfermedades reumatol\u00f3gicas<\/li><li style=\"text-align: left;\">Enfermedades autoinmunes<\/li><li style=\"text-align: left;\">Fatiga cr\u00f3nica<\/li><li style=\"list-style-type: none;\"> <\/li><\/ul>\n\t\t\t\t\t<\/div>\n\t\t\t\t\t\t<\/div>\n\t\t\t\t<\/div>\n\t\t\t\t\t<\/div>\n\t\t<\/div>\n\t\t\t\t\t<\/div>\n\t\t<\/section>\n\t\t\t\t<\/div>\n\t\t","protected":false},"excerpt":{"rendered":"<p>La ozonoterapia se refiere a un conjunto de t\u00e9cnicas que utilizan el ozono como agente terap\u00e9utico. Tiene propiedades desinfectantes, antiinflamatorias,<\/p>\n","protected":false},"author":1,"featured_media":0,"parent":20515,"menu_order":0,"comment_status":"closed","ping_status":"closed","template":"elementor_header_footer","meta":{"footnotes":""},"class_list":["post-20595","page","type-page","status-publish","hentry"],"yoast_head":"<!-- This site is optimized with the Yoast SEO Premium plugin v21.7 (Yoast SEO v21.7) - https:\/\/yoast.com\/wordpress\/plugins\/seo\/ -->\n<title>Ozonoterapia - Pilares da Sa\u00fade<\/title>\n<meta name=\"robots\" content=\"index, follow, max-snippet:-1, max-image-preview:large, max-video-preview:-1\" \/>\n<link rel=\"canonical\" href=\"https:\/\/pilaresdasaude.pt\/es\/tratamientos-medicos\/ozonoterapia\/\" \/>\n<meta property=\"og:locale\" content=\"es_ES\" \/>\n<meta property=\"og:type\" content=\"article\" \/>\n<meta property=\"og:title\" content=\"Ozonoterapia\" \/>\n<meta property=\"og:description\" content=\"La ozonoterapia se refiere a un conjunto de t\u00e9cnicas que utilizan el ozono como agente terap\u00e9utico. Tiene propiedades desinfectantes, antiinflamatorias,\" \/>\n<meta property=\"og:url\" content=\"https:\/\/pilaresdasaude.pt\/es\/tratamientos-medicos\/ozonoterapia\/\" \/>\n<meta property=\"og:site_name\" content=\"Pilares da Sa\u00fade\" \/>\n<meta property=\"article:modified_time\" content=\"2025-07-25T10:16:20+00:00\" \/>\n<meta name=\"twitter:card\" content=\"summary_large_image\" \/>\n<meta name=\"twitter:label1\" content=\"Tiempo de lectura\" \/>\n\t<meta name=\"twitter:data1\" content=\"1 minuto\" \/>\n<script type=\"application\/ld+json\" class=\"yoast-schema-graph\">{\"@context\":\"https:\/\/schema.org\",\"@graph\":[{\"@type\":\"WebPage\",\"@id\":\"https:\/\/pilaresdasaude.pt\/es\/tratamientos-medicos\/ozonoterapia\/\",\"url\":\"https:\/\/pilaresdasaude.pt\/es\/tratamientos-medicos\/ozonoterapia\/\",\"name\":\"Ozonoterapia - Pilares da Sa\u00fade\",\"isPartOf\":{\"@id\":\"https:\/\/pilaresdasaude.pt\/es\/#website\"},\"datePublished\":\"2023-08-26T16:31:50+00:00\",\"dateModified\":\"2025-07-25T10:16:20+00:00\",\"breadcrumb\":{\"@id\":\"https:\/\/pilaresdasaude.pt\/es\/tratamientos-medicos\/ozonoterapia\/#breadcrumb\"},\"inLanguage\":\"es\",\"potentialAction\":[{\"@type\":\"ReadAction\",\"target\":[\"https:\/\/pilaresdasaude.pt\/es\/tratamientos-medicos\/ozonoterapia\/\"]}]},{\"@type\":\"BreadcrumbList\",\"@id\":\"https:\/\/pilaresdasaude.pt\/es\/tratamientos-medicos\/ozonoterapia\/#breadcrumb\",\"itemListElement\":[{\"@type\":\"ListItem\",\"position\":1,\"name\":\"In\u00edcio\",\"item\":\"https:\/\/pilaresdasaude.pt\/es\/\"},{\"@type\":\"ListItem\",\"position\":2,\"name\":\"TRATAMIENTOS M\u00c9DICOS\",\"item\":\"https:\/\/pilaresdasaude.pt\/es\/tratamientos-medicos\/\"},{\"@type\":\"ListItem\",\"position\":3,\"name\":\"Ozonoterapia\"}]},{\"@type\":\"WebSite\",\"@id\":\"https:\/\/pilaresdasaude.pt\/es\/#website\",\"url\":\"https:\/\/pilaresdasaude.pt\/es\/\",\"name\":\"Pilares da sa\u00fade\",\"description\":\"Cl\u00ednica M\u00e9dica e Est\u00e9tica\",\"publisher\":{\"@id\":\"https:\/\/pilaresdasaude.pt\/es\/#organization\"},\"potentialAction\":[{\"@type\":\"SearchAction\",\"target\":{\"@type\":\"EntryPoint\",\"urlTemplate\":\"https:\/\/pilaresdasaude.pt\/es\/?s={search_term_string}\"},\"query-input\":\"required name=search_term_string\"}],\"inLanguage\":\"es\"},{\"@type\":\"Organization\",\"@id\":\"https:\/\/pilaresdasaude.pt\/es\/#organization\",\"name\":\"Pilares da sa\u00fade\",\"url\":\"https:\/\/pilaresdasaude.pt\/es\/\",\"logo\":{\"@type\":\"ImageObject\",\"inLanguage\":\"es\",\"@id\":\"https:\/\/pilaresdasaude.pt\/es\/#\/schema\/logo\/image\/\",\"url\":\"http:\/\/pilaresdasaude.pt\/wp-content\/uploads\/2021\/10\/pilares-da-saude-fav.svg\",\"contentUrl\":\"http:\/\/pilaresdasaude.pt\/wp-content\/uploads\/2021\/10\/pilares-da-saude-fav.svg\",\"width\":512,\"height\":512,\"caption\":\"Pilares da sa\u00fade\"},\"image\":{\"@id\":\"https:\/\/pilaresdasaude.pt\/es\/#\/schema\/logo\/image\/\"}}]}<\/script>\n<!-- \/ Yoast SEO Premium plugin. -->","yoast_head_json":{"title":"Ozonoterapia - Pilares da Sa\u00fade","robots":{"index":"index","follow":"follow","max-snippet":"max-snippet:-1","max-image-preview":"max-image-preview:large","max-video-preview":"max-video-preview:-1"},"canonical":"https:\/\/pilaresdasaude.pt\/es\/tratamientos-medicos\/ozonoterapia\/","og_locale":"es_ES","og_type":"article","og_title":"Ozonoterapia","og_description":"La ozonoterapia se refiere a un conjunto de t\u00e9cnicas que utilizan el ozono como agente terap\u00e9utico. Tiene propiedades desinfectantes, antiinflamatorias,","og_url":"https:\/\/pilaresdasaude.pt\/es\/tratamientos-medicos\/ozonoterapia\/","og_site_name":"Pilares da Sa\u00fade","article_modified_time":"2025-07-25T10:16:20+00:00","twitter_card":"summary_large_image","twitter_misc":{"Tiempo de lectura":"1 minuto"},"schema":{"@context":"https:\/\/schema.org","@graph":[{"@type":"WebPage","@id":"https:\/\/pilaresdasaude.pt\/es\/tratamientos-medicos\/ozonoterapia\/","url":"https:\/\/pilaresdasaude.pt\/es\/tratamientos-medicos\/ozonoterapia\/","name":"Ozonoterapia - Pilares da Sa\u00fade","isPartOf":{"@id":"https:\/\/pilaresdasaude.pt\/es\/#website"},"datePublished":"2023-08-26T16:31:50+00:00","dateModified":"2025-07-25T10:16:20+00:00","breadcrumb":{"@id":"https:\/\/pilaresdasaude.pt\/es\/tratamientos-medicos\/ozonoterapia\/#breadcrumb"},"inLanguage":"es","potentialAction":[{"@type":"ReadAction","target":["https:\/\/pilaresdasaude.pt\/es\/tratamientos-medicos\/ozonoterapia\/"]}]},{"@type":"BreadcrumbList","@id":"https:\/\/pilaresdasaude.pt\/es\/tratamientos-medicos\/ozonoterapia\/#breadcrumb","itemListElement":[{"@type":"ListItem","position":1,"name":"In\u00edcio","item":"https:\/\/pilaresdasaude.pt\/es\/"},{"@type":"ListItem","position":2,"name":"TRATAMIENTOS M\u00c9DICOS","item":"https:\/\/pilaresdasaude.pt\/es\/tratamientos-medicos\/"},{"@type":"ListItem","position":3,"name":"Ozonoterapia"}]},{"@type":"WebSite","@id":"https:\/\/pilaresdasaude.pt\/es\/#website","url":"https:\/\/pilaresdasaude.pt\/es\/","name":"Pilares da sa\u00fade","description":"Cl\u00ednica M\u00e9dica e Est\u00e9tica","publisher":{"@id":"https:\/\/pilaresdasaude.pt\/es\/#organization"},"potentialAction":[{"@type":"SearchAction","target":{"@type":"EntryPoint","urlTemplate":"https:\/\/pilaresdasaude.pt\/es\/?s={search_term_string}"},"query-input":"required name=search_term_string"}],"inLanguage":"es"},{"@type":"Organization","@id":"https:\/\/pilaresdasaude.pt\/es\/#organization","name":"Pilares da sa\u00fade","url":"https:\/\/pilaresdasaude.pt\/es\/","logo":{"@type":"ImageObject","inLanguage":"es","@id":"https:\/\/pilaresdasaude.pt\/es\/#\/schema\/logo\/image\/","url":"http:\/\/pilaresdasaude.pt\/wp-content\/uploads\/2021\/10\/pilares-da-saude-fav.svg","contentUrl":"http:\/\/pilaresdasaude.pt\/wp-content\/uploads\/2021\/10\/pilares-da-saude-fav.svg","width":512,"height":512,"caption":"Pilares da sa\u00fade"},"image":{"@id":"https:\/\/pilaresdasaude.pt\/es\/#\/schema\/logo\/image\/"}}]}},"_hostinger_reach_plugin_has_subscription_block":false,"_hostinger_reach_plugin_is_elementor":false,"_links":{"self":[{"href":"https:\/\/pilaresdasaude.pt\/es\/wp-json\/wp\/v2\/pages\/20595","targetHints":{"allow":["GET"]}}],"collection":[{"href":"https:\/\/pilaresdasaude.pt\/es\/wp-json\/wp\/v2\/pages"}],"about":[{"href":"https:\/\/pilaresdasaude.pt\/es\/wp-json\/wp\/v2\/types\/page"}],"author":[{"embeddable":true,"href":"https:\/\/pilaresdasaude.pt\/es\/wp-json\/wp\/v2\/users\/1"}],"replies":[{"embeddable":true,"href":"https:\/\/pilaresdasaude.pt\/es\/wp-json\/wp\/v2\/comments?post=20595"}],"version-history":[{"count":1,"href":"https:\/\/pilaresdasaude.pt\/es\/wp-json\/wp\/v2\/pages\/20595\/revisions"}],"predecessor-version":[{"id":20598,"href":"https:\/\/pilaresdasaude.pt\/es\/wp-json\/wp\/v2\/pages\/20595\/revisions\/20598"}],"up":[{"embeddable":true,"href":"https:\/\/pilaresdasaude.pt\/es\/wp-json\/wp\/v2\/pages\/20515"}],"wp:attachment":[{"href":"https:\/\/pilaresdasaude.pt\/es\/wp-json\/wp\/v2\/media?parent=20595"}],"curies":[{"name":"wp","href":"https:\/\/api.w.org\/{rel}","templated":true}]}}