{"id":20597,"date":"2023-08-26T16:23:26","date_gmt":"2023-08-26T16:23:26","guid":{"rendered":"https:\/\/lime-barracuda-517323.hostingersite.com\/consultas\/psicoterapia-individual-de-pareja-familiar\/"},"modified":"2025-07-25T10:16:21","modified_gmt":"2025-07-25T10:16:21","slug":"psicoterapia-individual-de-pareja-familiar","status":"publish","type":"page","link":"https:\/\/pilaresdasaude.pt\/es\/consultas\/psicoterapia-individual-de-pareja-familiar\/","title":{"rendered":"Psicoterapia individual\/de pareja\/familiar"},"content":{"rendered":"\t\t<div data-elementor-type=\"wp-page\" data-elementor-id=\"20597\" class=\"elementor elementor-20597 elementor-12197\" data-elementor-post-type=\"page\">\n\t\t\t\t\t\t<section class=\"wd-negative-gap elementor-section elementor-top-section elementor-element elementor-element-2f9e7fc8 elementor-section-boxed elementor-section-height-default elementor-section-height-default\" data-id=\"2f9e7fc8\" data-element_type=\"section\" data-e-type=\"section\" data-settings=\"{&quot;ekit_has_onepagescroll_dot&quot;:&quot;yes&quot;}\">\n\t\t\t\t\t\t\t<div class=\"elementor-background-overlay\"><\/div>\n\t\t\t\t\t\t\t<div class=\"elementor-container elementor-column-gap-default\">\n\t\t\t\t\t<div class=\"elementor-column elementor-col-100 elementor-top-column elementor-element elementor-element-675be3eb\" data-id=\"675be3eb\" data-element_type=\"column\" data-e-type=\"column\">\n\t\t\t<div class=\"elementor-widget-wrap elementor-element-populated\">\n\t\t\t\t\t\t<div class=\"elementor-element elementor-element-11fa24e4 elementor-widget elementor-widget-wd_text_block\" data-id=\"11fa24e4\" data-element_type=\"widget\" data-e-type=\"widget\" data-settings=\"{&quot;ekit_we_effect_on&quot;:&quot;none&quot;}\" data-widget_type=\"wd_text_block.default\">\n\t\t\t\t<div class=\"elementor-widget-container\">\n\t\t\t\t\t\t\t<div class=\"wd-text-block reset-last-child text-center\">\n\t\t\t\n\t\t\t<p class=\"p1\" style=\"text-align: left;\">Reconocemos que la salud mental es un componente esencial del bienestar general. Por ello, ofrecemos servicios de psicoterapia individual, de pareja y familiar. <\/p><p class=\"p1\" style=\"text-align: left;\">Cada modalidad est\u00e1 dise\u00f1ada para responder a las necesidades espec\u00edficas de cada contexto, ya sea la b\u00fasqueda individual de autoconocimiento y resoluci\u00f3n de conflictos internos, la mejora de la din\u00e1mica y la comunicaci\u00f3n entre parejas o la armonizaci\u00f3n de las relaciones familiares.<\/p><p class=\"p1\" style=\"text-align: left;\">Nuestro objetivo es ofrecer un espacio seguro y acogedor donde cada individuo, pareja o familia pueda explorar y abordar sus retos emocionales, mentales y relacionales. Trabajamos para promover el autoconocimiento, la resiliencia, la comunicaci\u00f3n eficaz y el fortalecimiento de los v\u00ednculos, contribuyendo as\u00ed a mejorar la calidad de vida y el bienestar de nuestros pacientes. <\/p>\n\t\t\t\t\t<\/div>\n\t\t\t\t\t\t<\/div>\n\t\t\t\t<\/div>\n\t\t\t\t\t<\/div>\n\t\t<\/div>\n\t\t\t\t\t<\/div>\n\t\t<\/section>\n\t\t\t\t<section class=\"wd-negative-gap elementor-section elementor-top-section elementor-element elementor-element-41e8781b elementor-section-boxed elementor-section-height-default elementor-section-height-default\" data-id=\"41e8781b\" data-element_type=\"section\" data-e-type=\"section\" data-settings=\"{&quot;ekit_has_onepagescroll_dot&quot;:&quot;yes&quot;}\">\n\t\t\t\t\t\t<div class=\"elementor-container elementor-column-gap-default\">\n\t\t\t\t\t<div class=\"elementor-column elementor-col-33 elementor-top-column elementor-element elementor-element-5702fd54\" data-id=\"5702fd54\" data-element_type=\"column\" data-e-type=\"column\">\n\t\t\t<div class=\"elementor-widget-wrap elementor-element-populated\">\n\t\t\t\t\t\t<div class=\"elementor-element elementor-element-19d24a1c elementor-widget elementor-widget-uael-infobox\" data-id=\"19d24a1c\" data-element_type=\"widget\" data-e-type=\"widget\" data-settings=\"{&quot;ekit_we_effect_on&quot;:&quot;none&quot;}\" data-widget_type=\"uael-infobox.default\">\n\t\t\t\t<div class=\"elementor-widget-container\">\n\t\t\t\t\t\r\n<div class=\"uael-module-content uael-infobox uael-imgicon-style-normal  uael-infobox-left  infobox-has-photo uael-infobox-photo-left  uael-infobox-image-valign-top  uael-infobox-stacked-tablet  uael-infobox-link-type-link\">\r\n\t<div class=\"uael-infobox-left-right-wrap\">\r\n\t\t\t\t\t\t\t\t<div class=\"uael-module-content uael-imgicon-wrap \">\t\t\t\t\t\t\t\t\t\t\t\r\n\t\t\t\t\t\t\t\t\t\t\t\t\t\t\t\t<div class=\"uael-image\" itemscope itemtype=\"http:\/\/schema.org\/ImageObject\">\r\n\t\t\t\t\t\t\t<div class=\"uael-image-content elementor-animation- \">\r\n\t\t\t\t\t\t\t\t<img loading=\"lazy\" decoding=\"async\" width=\"978\" height=\"978\" src=\"https:\/\/pilaresdasaude.pt\/wp-content\/uploads\/2024\/07\/ana-martinho.png\" class=\"attachment-full size-full wp-image-17881\" alt=\"\" srcset=\"https:\/\/pilaresdasaude.pt\/wp-content\/uploads\/2024\/07\/ana-martinho.png 978w, https:\/\/pilaresdasaude.pt\/wp-content\/uploads\/2024\/07\/ana-martinho-300x300.png 300w, https:\/\/pilaresdasaude.pt\/wp-content\/uploads\/2024\/07\/ana-martinho-800x800.png 800w, https:\/\/pilaresdasaude.pt\/wp-content\/uploads\/2024\/07\/ana-martinho-150x150.png 150w, https:\/\/pilaresdasaude.pt\/wp-content\/uploads\/2024\/07\/ana-martinho-768x768.png 768w\" sizes=\"auto, (max-width: 978px) 100vw, 978px\" \/>\t\t\t\t\t\t\t<\/div>\r\n\t\t\t\t\t\t<\/div>\r\n\r\n\t\t\t\t\t\t\t\t\t<\/div>\r\n\t\t\t\t\t\t<div class=\"uael-infobox-content\">\r\n\t\t\t\t\t\t<div class='uael-infobox-title-wrap'><h3 class=\"uael-infobox-title elementor-inline-editing\" data-elementor-setting-key=\"infobox_title\" data-elementor-inline-editing-toolbar=\"basic\" >Dra. Ana Martinho<\/h3><\/div>\t\t\t\t\t\t\t\t\t<div class=\"uael-infobox-text-wrap\">\r\n\t\t\t\t<div class=\"uael-infobox-text elementor-inline-editing\" data-elementor-setting-key=\"infobox_description\" data-elementor-inline-editing-toolbar=\"advanced\">\r\n\t\t\t\t\t\t\t\t\t<\/div>\r\n\t\t\t\t\t\r\n\t\t\t\t\t\t\t<div class=\"uael-infobox-cta-link-style\">\r\n\t\t\t\t<a href=\"#\" class=\"uael-infobox-cta-link \"> \t\t\t\t\t\t\t\t\t\t\t<span class=\"elementor-inline-editing\" data-elementor-setting-key=\"infobox_link_text\" data-elementor-inline-editing-toolbar=\"basic\">Seguir leyendo<\/span>\r\n\t\t\t\t\t\t\t\t\t\t\t\t\t<span class=\"uael-infobox-link-icon uael-infobox-link-icon-after\">\r\n\t\t\t\t\t\t\t\t\t\t\t\t\t\t\t\t\t<\/span>\r\n\t\t\t\t\t\t\t\t\t\t\t\t\t\t\t\t\t\t\t\t\t\t<\/a>\r\n\t\t\t<\/div>\r\n\t\t\t\t\t\t<\/div>\r\n\t\t<\/div>\r\n\t\t\t<\/div>\r\n<\/div>\r\n\t\t\t\t<\/div>\n\t\t\t\t<\/div>\n\t\t\t\t\t<\/div>\n\t\t<\/div>\n\t\t\t\t<div class=\"elementor-column elementor-col-33 elementor-top-column elementor-element elementor-element-5f9a916d\" data-id=\"5f9a916d\" data-element_type=\"column\" data-e-type=\"column\">\n\t\t\t<div class=\"elementor-widget-wrap\">\n\t\t\t\t\t\t\t<\/div>\n\t\t<\/div>\n\t\t\t\t<div class=\"elementor-column elementor-col-33 elementor-top-column elementor-element elementor-element-7d50ef86\" data-id=\"7d50ef86\" data-element_type=\"column\" data-e-type=\"column\">\n\t\t\t<div class=\"elementor-widget-wrap\">\n\t\t\t\t\t\t\t<\/div>\n\t\t<\/div>\n\t\t\t\t\t<\/div>\n\t\t<\/section>\n\t\t\t\t<\/div>\n\t\t","protected":false},"excerpt":{"rendered":"<p>Reconocemos que la salud mental es un componente esencial del bienestar general. Por ello, ofrecemos servicios de psicoterapia individual, de<\/p>\n","protected":false},"author":1,"featured_media":0,"parent":20509,"menu_order":0,"comment_status":"closed","ping_status":"closed","template":"elementor_header_footer","meta":{"footnotes":""},"class_list":["post-20597","page","type-page","status-publish","hentry"],"yoast_head":"<!-- This site is optimized with the Yoast SEO Premium plugin v21.7 (Yoast SEO v21.7) - https:\/\/yoast.com\/wordpress\/plugins\/seo\/ -->\n<title>Psicoterapia individual\/de pareja\/familiar - Pilares da Sa\u00fade<\/title>\n<meta name=\"robots\" content=\"index, follow, max-snippet:-1, max-image-preview:large, max-video-preview:-1\" \/>\n<link rel=\"canonical\" href=\"https:\/\/pilaresdasaude.pt\/es\/consultas\/psicoterapia-individual-de-pareja-familiar\/\" \/>\n<meta property=\"og:locale\" content=\"es_ES\" \/>\n<meta property=\"og:type\" content=\"article\" \/>\n<meta property=\"og:title\" content=\"Psicoterapia individual\/de pareja\/familiar\" \/>\n<meta property=\"og:description\" content=\"Reconocemos que la salud mental es un componente esencial del bienestar general. Por ello, ofrecemos servicios de psicoterapia individual, de\" \/>\n<meta property=\"og:url\" content=\"https:\/\/pilaresdasaude.pt\/es\/consultas\/psicoterapia-individual-de-pareja-familiar\/\" \/>\n<meta property=\"og:site_name\" content=\"Pilares da Sa\u00fade\" \/>\n<meta property=\"article:modified_time\" content=\"2025-07-25T10:16:21+00:00\" \/>\n<meta property=\"og:image\" content=\"http:\/\/pilaresdasaude.pt\/wp-content\/uploads\/2024\/07\/ana-martinho.png\" \/>\n<meta name=\"twitter:card\" content=\"summary_large_image\" \/>\n<meta name=\"twitter:label1\" content=\"Tiempo de lectura\" \/>\n\t<meta name=\"twitter:data1\" content=\"1 minuto\" \/>\n<script type=\"application\/ld+json\" class=\"yoast-schema-graph\">{\"@context\":\"https:\/\/schema.org\",\"@graph\":[{\"@type\":\"WebPage\",\"@id\":\"https:\/\/pilaresdasaude.pt\/es\/consultas\/psicoterapia-individual-de-pareja-familiar\/\",\"url\":\"https:\/\/pilaresdasaude.pt\/es\/consultas\/psicoterapia-individual-de-pareja-familiar\/\",\"name\":\"Psicoterapia individual\/de pareja\/familiar - Pilares da Sa\u00fade\",\"isPartOf\":{\"@id\":\"https:\/\/pilaresdasaude.pt\/es\/#website\"},\"datePublished\":\"2023-08-26T16:23:26+00:00\",\"dateModified\":\"2025-07-25T10:16:21+00:00\",\"breadcrumb\":{\"@id\":\"https:\/\/pilaresdasaude.pt\/es\/consultas\/psicoterapia-individual-de-pareja-familiar\/#breadcrumb\"},\"inLanguage\":\"es\",\"potentialAction\":[{\"@type\":\"ReadAction\",\"target\":[\"https:\/\/pilaresdasaude.pt\/es\/consultas\/psicoterapia-individual-de-pareja-familiar\/\"]}]},{\"@type\":\"BreadcrumbList\",\"@id\":\"https:\/\/pilaresdasaude.pt\/es\/consultas\/psicoterapia-individual-de-pareja-familiar\/#breadcrumb\",\"itemListElement\":[{\"@type\":\"ListItem\",\"position\":1,\"name\":\"In\u00edcio\",\"item\":\"https:\/\/pilaresdasaude.pt\/es\/\"},{\"@type\":\"ListItem\",\"position\":2,\"name\":\"CONSULTAS\",\"item\":\"https:\/\/pilaresdasaude.pt\/es\/consultas\/\"},{\"@type\":\"ListItem\",\"position\":3,\"name\":\"Psicoterapia individual\/de pareja\/familiar\"}]},{\"@type\":\"WebSite\",\"@id\":\"https:\/\/pilaresdasaude.pt\/es\/#website\",\"url\":\"https:\/\/pilaresdasaude.pt\/es\/\",\"name\":\"Pilares da sa\u00fade\",\"description\":\"Cl\u00ednica M\u00e9dica e Est\u00e9tica\",\"publisher\":{\"@id\":\"https:\/\/pilaresdasaude.pt\/es\/#organization\"},\"potentialAction\":[{\"@type\":\"SearchAction\",\"target\":{\"@type\":\"EntryPoint\",\"urlTemplate\":\"https:\/\/pilaresdasaude.pt\/es\/?s={search_term_string}\"},\"query-input\":\"required name=search_term_string\"}],\"inLanguage\":\"es\"},{\"@type\":\"Organization\",\"@id\":\"https:\/\/pilaresdasaude.pt\/es\/#organization\",\"name\":\"Pilares da sa\u00fade\",\"url\":\"https:\/\/pilaresdasaude.pt\/es\/\",\"logo\":{\"@type\":\"ImageObject\",\"inLanguage\":\"es\",\"@id\":\"https:\/\/pilaresdasaude.pt\/es\/#\/schema\/logo\/image\/\",\"url\":\"http:\/\/pilaresdasaude.pt\/wp-content\/uploads\/2021\/10\/pilares-da-saude-fav.svg\",\"contentUrl\":\"http:\/\/pilaresdasaude.pt\/wp-content\/uploads\/2021\/10\/pilares-da-saude-fav.svg\",\"width\":512,\"height\":512,\"caption\":\"Pilares da sa\u00fade\"},\"image\":{\"@id\":\"https:\/\/pilaresdasaude.pt\/es\/#\/schema\/logo\/image\/\"}}]}<\/script>\n<!-- \/ Yoast SEO Premium plugin. -->","yoast_head_json":{"title":"Psicoterapia individual\/de pareja\/familiar - Pilares da Sa\u00fade","robots":{"index":"index","follow":"follow","max-snippet":"max-snippet:-1","max-image-preview":"max-image-preview:large","max-video-preview":"max-video-preview:-1"},"canonical":"https:\/\/pilaresdasaude.pt\/es\/consultas\/psicoterapia-individual-de-pareja-familiar\/","og_locale":"es_ES","og_type":"article","og_title":"Psicoterapia individual\/de pareja\/familiar","og_description":"Reconocemos que la salud mental es un componente esencial del bienestar general. Por ello, ofrecemos servicios de psicoterapia individual, de","og_url":"https:\/\/pilaresdasaude.pt\/es\/consultas\/psicoterapia-individual-de-pareja-familiar\/","og_site_name":"Pilares da Sa\u00fade","article_modified_time":"2025-07-25T10:16:21+00:00","og_image":[{"url":"http:\/\/pilaresdasaude.pt\/wp-content\/uploads\/2024\/07\/ana-martinho.png"}],"twitter_card":"summary_large_image","twitter_misc":{"Tiempo de lectura":"1 minuto"},"schema":{"@context":"https:\/\/schema.org","@graph":[{"@type":"WebPage","@id":"https:\/\/pilaresdasaude.pt\/es\/consultas\/psicoterapia-individual-de-pareja-familiar\/","url":"https:\/\/pilaresdasaude.pt\/es\/consultas\/psicoterapia-individual-de-pareja-familiar\/","name":"Psicoterapia individual\/de pareja\/familiar - Pilares da Sa\u00fade","isPartOf":{"@id":"https:\/\/pilaresdasaude.pt\/es\/#website"},"datePublished":"2023-08-26T16:23:26+00:00","dateModified":"2025-07-25T10:16:21+00:00","breadcrumb":{"@id":"https:\/\/pilaresdasaude.pt\/es\/consultas\/psicoterapia-individual-de-pareja-familiar\/#breadcrumb"},"inLanguage":"es","potentialAction":[{"@type":"ReadAction","target":["https:\/\/pilaresdasaude.pt\/es\/consultas\/psicoterapia-individual-de-pareja-familiar\/"]}]},{"@type":"BreadcrumbList","@id":"https:\/\/pilaresdasaude.pt\/es\/consultas\/psicoterapia-individual-de-pareja-familiar\/#breadcrumb","itemListElement":[{"@type":"ListItem","position":1,"name":"In\u00edcio","item":"https:\/\/pilaresdasaude.pt\/es\/"},{"@type":"ListItem","position":2,"name":"CONSULTAS","item":"https:\/\/pilaresdasaude.pt\/es\/consultas\/"},{"@type":"ListItem","position":3,"name":"Psicoterapia individual\/de pareja\/familiar"}]},{"@type":"WebSite","@id":"https:\/\/pilaresdasaude.pt\/es\/#website","url":"https:\/\/pilaresdasaude.pt\/es\/","name":"Pilares da sa\u00fade","description":"Cl\u00ednica M\u00e9dica e Est\u00e9tica","publisher":{"@id":"https:\/\/pilaresdasaude.pt\/es\/#organization"},"potentialAction":[{"@type":"SearchAction","target":{"@type":"EntryPoint","urlTemplate":"https:\/\/pilaresdasaude.pt\/es\/?s={search_term_string}"},"query-input":"required name=search_term_string"}],"inLanguage":"es"},{"@type":"Organization","@id":"https:\/\/pilaresdasaude.pt\/es\/#organization","name":"Pilares da sa\u00fade","url":"https:\/\/pilaresdasaude.pt\/es\/","logo":{"@type":"ImageObject","inLanguage":"es","@id":"https:\/\/pilaresdasaude.pt\/es\/#\/schema\/logo\/image\/","url":"http:\/\/pilaresdasaude.pt\/wp-content\/uploads\/2021\/10\/pilares-da-saude-fav.svg","contentUrl":"http:\/\/pilaresdasaude.pt\/wp-content\/uploads\/2021\/10\/pilares-da-saude-fav.svg","width":512,"height":512,"caption":"Pilares da sa\u00fade"},"image":{"@id":"https:\/\/pilaresdasaude.pt\/es\/#\/schema\/logo\/image\/"}}]}},"_hostinger_reach_plugin_has_subscription_block":false,"_hostinger_reach_plugin_is_elementor":false,"_links":{"self":[{"href":"https:\/\/pilaresdasaude.pt\/es\/wp-json\/wp\/v2\/pages\/20597","targetHints":{"allow":["GET"]}}],"collection":[{"href":"https:\/\/pilaresdasaude.pt\/es\/wp-json\/wp\/v2\/pages"}],"about":[{"href":"https:\/\/pilaresdasaude.pt\/es\/wp-json\/wp\/v2\/types\/page"}],"author":[{"embeddable":true,"href":"https:\/\/pilaresdasaude.pt\/es\/wp-json\/wp\/v2\/users\/1"}],"replies":[{"embeddable":true,"href":"https:\/\/pilaresdasaude.pt\/es\/wp-json\/wp\/v2\/comments?post=20597"}],"version-history":[{"count":1,"href":"https:\/\/pilaresdasaude.pt\/es\/wp-json\/wp\/v2\/pages\/20597\/revisions"}],"predecessor-version":[{"id":20599,"href":"https:\/\/pilaresdasaude.pt\/es\/wp-json\/wp\/v2\/pages\/20597\/revisions\/20599"}],"up":[{"embeddable":true,"href":"https:\/\/pilaresdasaude.pt\/es\/wp-json\/wp\/v2\/pages\/20509"}],"wp:attachment":[{"href":"https:\/\/pilaresdasaude.pt\/es\/wp-json\/wp\/v2\/media?parent=20597"}],"curies":[{"name":"wp","href":"https:\/\/api.w.org\/{rel}","templated":true}]}}