{"id":20600,"date":"2023-09-04T14:08:37","date_gmt":"2023-09-04T14:08:37","guid":{"rendered":"https:\/\/lime-barracuda-517323.hostingersite.com\/tratamientos-medicos\/hidrocolonoterapia\/"},"modified":"2025-07-25T10:16:20","modified_gmt":"2025-07-25T10:16:20","slug":"hidrocolonoterapia","status":"publish","type":"page","link":"https:\/\/pilaresdasaude.pt\/es\/tratamientos-medicos\/hidrocolonoterapia\/","title":{"rendered":"Hidrocolonoterapia"},"content":{"rendered":"\t\t<div data-elementor-type=\"wp-page\" data-elementor-id=\"20600\" class=\"elementor elementor-20600 elementor-12227\" data-elementor-post-type=\"page\">\n\t\t\t\t\t\t<section class=\"wd-negative-gap elementor-section elementor-top-section elementor-element elementor-element-37236ee elementor-section-boxed elementor-section-height-default elementor-section-height-default\" data-id=\"37236ee\" data-element_type=\"section\" data-e-type=\"section\" data-settings=\"{&quot;ekit_has_onepagescroll_dot&quot;:&quot;yes&quot;}\">\n\t\t\t\t\t\t\t<div class=\"elementor-background-overlay\"><\/div>\n\t\t\t\t\t\t\t<div class=\"elementor-container elementor-column-gap-default\">\n\t\t\t\t\t<div class=\"elementor-column elementor-col-100 elementor-top-column elementor-element elementor-element-5dba75c4\" data-id=\"5dba75c4\" data-element_type=\"column\" data-e-type=\"column\">\n\t\t\t<div class=\"elementor-widget-wrap elementor-element-populated\">\n\t\t\t\t\t\t<div class=\"elementor-element elementor-element-527f9ccf elementor-widget elementor-widget-wd_text_block\" data-id=\"527f9ccf\" data-element_type=\"widget\" data-e-type=\"widget\" data-settings=\"{&quot;ekit_we_effect_on&quot;:&quot;none&quot;}\" data-widget_type=\"wd_text_block.default\">\n\t\t\t\t<div class=\"elementor-widget-container\">\n\t\t\t\t\t\t\t<div class=\"wd-text-block reset-last-child text-center\">\n\t\t\t\n\t\t\t<div class=\"cu-comment__body-container ng-tns-c1703270929-138 cu-comment__body-container_toolbar\" data-test=\"task-comment__body-container\"><div class=\"cu-comment__text ng-tns-c1703270929-138\"><div class=\"cu-comment-viewer-content__container\"><div class=\"cu-comment-viewer-content\" data-test=\"comment-viewer-content\"><p class=\"ql-align-justify\" style=\"text-align: left;\" data-block-id=\"block-387bf9db-fe01-4d83-b3ec-1801b4cc9562\">La hidrocolonterapia es un tratamiento tonificante que se centra en la limpieza y revitalizaci\u00f3n del intestino mediante el uso de agua purificada a temperatura corporal. Este proceso promueve una limpieza terap\u00e9utica de las heces, los residuos y la mucosidad t\u00f3xica, contribuyendo no s\u00f3lo al bienestar general, sino tambi\u00e9n siendo un m\u00e9todo clave en la preparaci\u00f3n del intestino para la cirug\u00eda y ex\u00e1menes espec\u00edficos. A trav\u00e9s de la hidrocolonterapia, es posible prevenir o tratar enfermedades degenerativas intestinales como p\u00f3lipos y divert\u00edculos, promoviendo as\u00ed una salud intestinal m\u00e1s robusta y equilibrada. La salud del intestino influir\u00e1, a su vez, en la salud de todo el organismo. En Pilares da Sa\u00fade, nos comprometemos a ofrecer formas seguras y eficaces de cuidar de su salud, siempre con la vista puesta en su bienestar.    <\/p><p class=\"ql-align-justify\" style=\"text-align: left;\" data-block-id=\"block-0f37a6cc-2017-4c90-a97d-91b6d1be0025\">La terapia con hidrocolon est\u00e1 contraindicada en los siguientes casos:<\/p><p class=\"ql-align-justify\" style=\"text-align: left;\" data-block-id=\"block-26f30e22-5c06-462b-b954-f92b25e8efa8\">\u00dalceras intestinales agudas<\/p><p class=\"ql-align-justify\" style=\"text-align: left;\" data-block-id=\"block-5c96ccf8-fe82-4016-9d71-8362f28af3dd\">Sospecha de perforaci\u00f3n intestinal<\/p><p class=\"ql-align-justify\" style=\"text-align: left;\" data-block-id=\"block-233cbcc5-4096-4ff6-8505-e26234d3d10b\">Fisura anal grave en fase aguda o F\u00edstula anal<\/p><p class=\"ql-align-justify\" style=\"text-align: left;\" data-block-id=\"block-b25fc60d-39fa-43dd-863b-b85bebc50341\">Colitis hemorr\u00e1gica<\/p><p class=\"ql-align-justify\" style=\"text-align: left;\" data-block-id=\"block-ecdc18b8-db8b-492f-ba13-a285db0d0df6\">Cirug\u00eda de colon reciente<\/p><p class=\"ql-align-justify\" style=\"text-align: left;\" data-block-id=\"block-cb9733cb-c0ac-4b2f-85fc-d0b32f73d0c0\">Neoplasia de colon<\/p><p class=\"ql-align-justify\" style=\"text-align: left;\" data-block-id=\"block-336c0644-a5ff-439c-808e-62594d15d987\">Hipertensi\u00f3n grave no controlada<\/p><p class=\"ql-align-justify\" style=\"text-align: left;\" data-block-id=\"block-f833ca80-9365-4785-a6e0-c2412cc6bde2\">Embarazo<\/p><p class=\"ql-align-justify\" style=\"text-align: left;\" data-block-id=\"block-cd3117b2-0343-4b67-91c0-1ac08990a31b\">Hernia abdominal<\/p><p class=\"ql-align-justify\" style=\"text-align: left;\" data-block-id=\"block-5c3dbd1d-3a7e-4fe4-9939-6f6a0d9ea28c\">Insuficiencia renal<\/p><p class=\"ql-align-justify\" style=\"text-align: left;\" data-block-id=\"block-f6649395-d90a-4527-9107-dcf3bed7b0c2\">Cirrosis hep\u00e1tica<\/p><p class=\"ql-align-justify\" style=\"text-align: left;\" data-block-id=\"block-d892c5c5-bd53-44f2-8f57-773b2f1b7b17\">Epilepsia<\/p><p class=\"ql-align-justify\" style=\"text-align: left;\" data-block-id=\"block-04a6ae8b-fc73-4bc5-980e-f74d757918d4\">Anemia grave<\/p><p class=\"ql-align-justify\" style=\"text-align: left;\" data-block-id=\"block-6cd67e9e-60fa-4de0-a62a-683f1127b4ed\">El ozono se introduce en la segunda fase. Adem\u00e1s de ser un desinfectante extremadamente potente y de anular\/neutralizar cualquier infecci\u00f3n o inflamaci\u00f3n presente en las paredes del intestino, elimina algunos microorganismos perjudiciales para la salud intestinal. El ozono es tambi\u00e9n un excelente regenerador celular y estimula el sistema inmunitario.  <\/p><\/div><\/div><\/div><\/div>\n\t\t\t\t\t<\/div>\n\t\t\t\t\t\t<\/div>\n\t\t\t\t<\/div>\n\t\t\t\t\t<\/div>\n\t\t<\/div>\n\t\t\t\t\t<\/div>\n\t\t<\/section>\n\t\t\t\t<\/div>\n\t\t","protected":false},"excerpt":{"rendered":"<p>La hidrocolonterapia es un tratamiento tonificante que se centra en la limpieza y revitalizaci\u00f3n del intestino mediante el uso de<\/p>\n","protected":false},"author":1,"featured_media":0,"parent":20515,"menu_order":0,"comment_status":"closed","ping_status":"closed","template":"elementor_header_footer","meta":{"footnotes":""},"class_list":["post-20600","page","type-page","status-publish","hentry"],"yoast_head":"<!-- This site is optimized with the Yoast SEO Premium plugin v21.7 (Yoast SEO v21.7) - https:\/\/yoast.com\/wordpress\/plugins\/seo\/ -->\n<title>Hidrocolonoterapia - Pilares da Sa\u00fade<\/title>\n<meta name=\"robots\" content=\"index, follow, max-snippet:-1, max-image-preview:large, max-video-preview:-1\" \/>\n<link rel=\"canonical\" href=\"https:\/\/pilaresdasaude.pt\/es\/tratamientos-medicos\/hidrocolonoterapia\/\" \/>\n<meta property=\"og:locale\" content=\"es_ES\" \/>\n<meta property=\"og:type\" content=\"article\" \/>\n<meta property=\"og:title\" content=\"Hidrocolonoterapia\" \/>\n<meta property=\"og:description\" content=\"La hidrocolonterapia es un tratamiento tonificante que se centra en la limpieza y revitalizaci\u00f3n del intestino mediante el uso de\" \/>\n<meta property=\"og:url\" content=\"https:\/\/pilaresdasaude.pt\/es\/tratamientos-medicos\/hidrocolonoterapia\/\" \/>\n<meta property=\"og:site_name\" content=\"Pilares da Sa\u00fade\" \/>\n<meta property=\"article:modified_time\" content=\"2025-07-25T10:16:20+00:00\" \/>\n<meta name=\"twitter:card\" content=\"summary_large_image\" \/>\n<meta name=\"twitter:label1\" content=\"Tiempo de lectura\" \/>\n\t<meta name=\"twitter:data1\" content=\"1 minuto\" \/>\n<script type=\"application\/ld+json\" class=\"yoast-schema-graph\">{\"@context\":\"https:\/\/schema.org\",\"@graph\":[{\"@type\":\"WebPage\",\"@id\":\"https:\/\/pilaresdasaude.pt\/es\/tratamientos-medicos\/hidrocolonoterapia\/\",\"url\":\"https:\/\/pilaresdasaude.pt\/es\/tratamientos-medicos\/hidrocolonoterapia\/\",\"name\":\"Hidrocolonoterapia - Pilares da Sa\u00fade\",\"isPartOf\":{\"@id\":\"https:\/\/pilaresdasaude.pt\/es\/#website\"},\"datePublished\":\"2023-09-04T14:08:37+00:00\",\"dateModified\":\"2025-07-25T10:16:20+00:00\",\"breadcrumb\":{\"@id\":\"https:\/\/pilaresdasaude.pt\/es\/tratamientos-medicos\/hidrocolonoterapia\/#breadcrumb\"},\"inLanguage\":\"es\",\"potentialAction\":[{\"@type\":\"ReadAction\",\"target\":[\"https:\/\/pilaresdasaude.pt\/es\/tratamientos-medicos\/hidrocolonoterapia\/\"]}]},{\"@type\":\"BreadcrumbList\",\"@id\":\"https:\/\/pilaresdasaude.pt\/es\/tratamientos-medicos\/hidrocolonoterapia\/#breadcrumb\",\"itemListElement\":[{\"@type\":\"ListItem\",\"position\":1,\"name\":\"In\u00edcio\",\"item\":\"https:\/\/pilaresdasaude.pt\/es\/\"},{\"@type\":\"ListItem\",\"position\":2,\"name\":\"TRATAMIENTOS M\u00c9DICOS\",\"item\":\"https:\/\/pilaresdasaude.pt\/es\/tratamientos-medicos\/\"},{\"@type\":\"ListItem\",\"position\":3,\"name\":\"Hidrocolonoterapia\"}]},{\"@type\":\"WebSite\",\"@id\":\"https:\/\/pilaresdasaude.pt\/es\/#website\",\"url\":\"https:\/\/pilaresdasaude.pt\/es\/\",\"name\":\"Pilares da sa\u00fade\",\"description\":\"Cl\u00ednica M\u00e9dica e Est\u00e9tica\",\"publisher\":{\"@id\":\"https:\/\/pilaresdasaude.pt\/es\/#organization\"},\"potentialAction\":[{\"@type\":\"SearchAction\",\"target\":{\"@type\":\"EntryPoint\",\"urlTemplate\":\"https:\/\/pilaresdasaude.pt\/es\/?s={search_term_string}\"},\"query-input\":\"required name=search_term_string\"}],\"inLanguage\":\"es\"},{\"@type\":\"Organization\",\"@id\":\"https:\/\/pilaresdasaude.pt\/es\/#organization\",\"name\":\"Pilares da sa\u00fade\",\"url\":\"https:\/\/pilaresdasaude.pt\/es\/\",\"logo\":{\"@type\":\"ImageObject\",\"inLanguage\":\"es\",\"@id\":\"https:\/\/pilaresdasaude.pt\/es\/#\/schema\/logo\/image\/\",\"url\":\"http:\/\/pilaresdasaude.pt\/wp-content\/uploads\/2021\/10\/pilares-da-saude-fav.svg\",\"contentUrl\":\"http:\/\/pilaresdasaude.pt\/wp-content\/uploads\/2021\/10\/pilares-da-saude-fav.svg\",\"width\":512,\"height\":512,\"caption\":\"Pilares da sa\u00fade\"},\"image\":{\"@id\":\"https:\/\/pilaresdasaude.pt\/es\/#\/schema\/logo\/image\/\"}}]}<\/script>\n<!-- \/ Yoast SEO Premium plugin. -->","yoast_head_json":{"title":"Hidrocolonoterapia - Pilares da Sa\u00fade","robots":{"index":"index","follow":"follow","max-snippet":"max-snippet:-1","max-image-preview":"max-image-preview:large","max-video-preview":"max-video-preview:-1"},"canonical":"https:\/\/pilaresdasaude.pt\/es\/tratamientos-medicos\/hidrocolonoterapia\/","og_locale":"es_ES","og_type":"article","og_title":"Hidrocolonoterapia","og_description":"La hidrocolonterapia es un tratamiento tonificante que se centra en la limpieza y revitalizaci\u00f3n del intestino mediante el uso de","og_url":"https:\/\/pilaresdasaude.pt\/es\/tratamientos-medicos\/hidrocolonoterapia\/","og_site_name":"Pilares da Sa\u00fade","article_modified_time":"2025-07-25T10:16:20+00:00","twitter_card":"summary_large_image","twitter_misc":{"Tiempo de lectura":"1 minuto"},"schema":{"@context":"https:\/\/schema.org","@graph":[{"@type":"WebPage","@id":"https:\/\/pilaresdasaude.pt\/es\/tratamientos-medicos\/hidrocolonoterapia\/","url":"https:\/\/pilaresdasaude.pt\/es\/tratamientos-medicos\/hidrocolonoterapia\/","name":"Hidrocolonoterapia - Pilares da Sa\u00fade","isPartOf":{"@id":"https:\/\/pilaresdasaude.pt\/es\/#website"},"datePublished":"2023-09-04T14:08:37+00:00","dateModified":"2025-07-25T10:16:20+00:00","breadcrumb":{"@id":"https:\/\/pilaresdasaude.pt\/es\/tratamientos-medicos\/hidrocolonoterapia\/#breadcrumb"},"inLanguage":"es","potentialAction":[{"@type":"ReadAction","target":["https:\/\/pilaresdasaude.pt\/es\/tratamientos-medicos\/hidrocolonoterapia\/"]}]},{"@type":"BreadcrumbList","@id":"https:\/\/pilaresdasaude.pt\/es\/tratamientos-medicos\/hidrocolonoterapia\/#breadcrumb","itemListElement":[{"@type":"ListItem","position":1,"name":"In\u00edcio","item":"https:\/\/pilaresdasaude.pt\/es\/"},{"@type":"ListItem","position":2,"name":"TRATAMIENTOS M\u00c9DICOS","item":"https:\/\/pilaresdasaude.pt\/es\/tratamientos-medicos\/"},{"@type":"ListItem","position":3,"name":"Hidrocolonoterapia"}]},{"@type":"WebSite","@id":"https:\/\/pilaresdasaude.pt\/es\/#website","url":"https:\/\/pilaresdasaude.pt\/es\/","name":"Pilares da sa\u00fade","description":"Cl\u00ednica M\u00e9dica e Est\u00e9tica","publisher":{"@id":"https:\/\/pilaresdasaude.pt\/es\/#organization"},"potentialAction":[{"@type":"SearchAction","target":{"@type":"EntryPoint","urlTemplate":"https:\/\/pilaresdasaude.pt\/es\/?s={search_term_string}"},"query-input":"required name=search_term_string"}],"inLanguage":"es"},{"@type":"Organization","@id":"https:\/\/pilaresdasaude.pt\/es\/#organization","name":"Pilares da sa\u00fade","url":"https:\/\/pilaresdasaude.pt\/es\/","logo":{"@type":"ImageObject","inLanguage":"es","@id":"https:\/\/pilaresdasaude.pt\/es\/#\/schema\/logo\/image\/","url":"http:\/\/pilaresdasaude.pt\/wp-content\/uploads\/2021\/10\/pilares-da-saude-fav.svg","contentUrl":"http:\/\/pilaresdasaude.pt\/wp-content\/uploads\/2021\/10\/pilares-da-saude-fav.svg","width":512,"height":512,"caption":"Pilares da sa\u00fade"},"image":{"@id":"https:\/\/pilaresdasaude.pt\/es\/#\/schema\/logo\/image\/"}}]}},"_hostinger_reach_plugin_has_subscription_block":false,"_hostinger_reach_plugin_is_elementor":false,"_links":{"self":[{"href":"https:\/\/pilaresdasaude.pt\/es\/wp-json\/wp\/v2\/pages\/20600","targetHints":{"allow":["GET"]}}],"collection":[{"href":"https:\/\/pilaresdasaude.pt\/es\/wp-json\/wp\/v2\/pages"}],"about":[{"href":"https:\/\/pilaresdasaude.pt\/es\/wp-json\/wp\/v2\/types\/page"}],"author":[{"embeddable":true,"href":"https:\/\/pilaresdasaude.pt\/es\/wp-json\/wp\/v2\/users\/1"}],"replies":[{"embeddable":true,"href":"https:\/\/pilaresdasaude.pt\/es\/wp-json\/wp\/v2\/comments?post=20600"}],"version-history":[{"count":1,"href":"https:\/\/pilaresdasaude.pt\/es\/wp-json\/wp\/v2\/pages\/20600\/revisions"}],"predecessor-version":[{"id":20602,"href":"https:\/\/pilaresdasaude.pt\/es\/wp-json\/wp\/v2\/pages\/20600\/revisions\/20602"}],"up":[{"embeddable":true,"href":"https:\/\/pilaresdasaude.pt\/es\/wp-json\/wp\/v2\/pages\/20515"}],"wp:attachment":[{"href":"https:\/\/pilaresdasaude.pt\/es\/wp-json\/wp\/v2\/media?parent=20600"}],"curies":[{"name":"wp","href":"https:\/\/api.w.org\/{rel}","templated":true}]}}