{"id":20716,"date":"2024-07-04T16:58:41","date_gmt":"2024-07-04T16:58:41","guid":{"rendered":"https:\/\/lime-barracuda-517323.hostingersite.com\/informacion-de-pago\/"},"modified":"2025-07-25T10:16:57","modified_gmt":"2025-07-25T10:16:57","slug":"informacion-de-pago","status":"publish","type":"page","link":"https:\/\/pilaresdasaude.pt\/es\/informacion-de-pago\/","title":{"rendered":"Informaci\u00f3n de pago"},"content":{"rendered":"\t\t<div data-elementor-type=\"wp-page\" data-elementor-id=\"20716\" class=\"elementor elementor-20716 elementor-17693\" data-elementor-post-type=\"page\">\n\t\t\t\t<div class=\"elementor-element elementor-element-88ce6a5 e-flex e-con-boxed e-con e-parent\" data-id=\"88ce6a5\" data-element_type=\"container\" data-e-type=\"container\" data-settings=\"{&quot;background_background&quot;:&quot;classic&quot;,&quot;ekit_has_onepagescroll_dot&quot;:&quot;yes&quot;}\">\n\t\t\t\t\t<div class=\"e-con-inner\">\n\t\t<div class=\"elementor-element elementor-element-408d614 e-con-full e-flex e-con e-child\" data-id=\"408d614\" data-element_type=\"container\" data-e-type=\"container\" data-settings=\"{&quot;ekit_has_onepagescroll_dot&quot;:&quot;yes&quot;}\">\n\t\t\t\t<div class=\"elementor-element elementor-element-ace9aa1 elementor-widget elementor-widget-heading\" data-id=\"ace9aa1\" data-element_type=\"widget\" data-e-type=\"widget\" data-settings=\"{&quot;ekit_we_effect_on&quot;:&quot;none&quot;}\" data-widget_type=\"heading.default\">\n\t\t\t\t<div class=\"elementor-widget-container\">\n\t\t\t\t\t<h2 class=\"elementor-heading-title elementor-size-default\">Gracias por elegirnos.<\/h2>\t\t\t\t<\/div>\n\t\t\t\t<\/div>\n\t\t\t\t<div class=\"elementor-element elementor-element-040b543 color-scheme-inherit text-left elementor-widget elementor-widget-text-editor\" data-id=\"040b543\" data-element_type=\"widget\" data-e-type=\"widget\" data-settings=\"{&quot;ekit_we_effect_on&quot;:&quot;none&quot;}\" data-widget_type=\"text-editor.default\">\n\t\t\t\t<div class=\"elementor-widget-container\">\n\t\t\t\t\t\t\t\t\tRealice su pago utilizando los datos que figuran a continuaci\u00f3n:\t\t\t\t\t\t\t\t<\/div>\n\t\t\t\t<\/div>\n\t\t\t\t<div class=\"elementor-element elementor-element-f778b21 elementor-icon-list--layout-traditional elementor-list-item-link-full_width elementor-widget elementor-widget-icon-list\" data-id=\"f778b21\" data-element_type=\"widget\" data-e-type=\"widget\" data-settings=\"{&quot;ekit_we_effect_on&quot;:&quot;none&quot;}\" data-widget_type=\"icon-list.default\">\n\t\t\t\t<div class=\"elementor-widget-container\">\n\t\t\t\t\t\t\t<ul class=\"elementor-icon-list-items\">\n\t\t\t\t\t\t\t<li class=\"elementor-icon-list-item\">\n\t\t\t\t\t\t\t\t\t\t<span class=\"elementor-icon-list-text\"><b>IBAN EST\u00c9TICA:<\/b><\/span>\n\t\t\t\t\t\t\t\t\t<\/li>\n\t\t\t\t\t\t\t\t<li class=\"elementor-icon-list-item\">\n\t\t\t\t\t\t\t\t\t\t<span class=\"elementor-icon-list-text\">PT50 0007 0000 0046 2012 8442 3<\/span>\n\t\t\t\t\t\t\t\t\t<\/li>\n\t\t\t\t\t\t\t\t<li class=\"elementor-icon-list-item\">\n\t\t\t\t\t\t\t\t\t\t<span class=\"elementor-icon-list-text\">Nombre:<b> Pilares da Sa\u00fade Unipessoal LDA<\/b><\/span>\n\t\t\t\t\t\t\t\t\t<\/li>\n\t\t\t\t\t\t\t\t<li class=\"elementor-icon-list-item\">\n\t\t\t\t\t\t\t\t\t\t<span class=\"elementor-icon-list-text\">SWIFT: <b>BESCPTPL<\/b><\/span>\n\t\t\t\t\t\t\t\t\t<\/li>\n\t\t\t\t\t\t\t\t<li class=\"elementor-icon-list-item\">\n\t\t\t\t\t\t\t\t\t\t<span class=\"elementor-icon-list-text\"><b>NUEVO BANCO<\/b><\/span>\n\t\t\t\t\t\t\t\t\t<\/li>\n\t\t\t\t\t\t<\/ul>\n\t\t\t\t\t\t<\/div>\n\t\t\t\t<\/div>\n\t\t\t\t<div class=\"elementor-element elementor-element-5fa9bad elementor-hidden-desktop elementor-hidden-tablet elementor-hidden-mobile elementor-widget elementor-widget-html\" data-id=\"5fa9bad\" data-element_type=\"widget\" data-e-type=\"widget\" data-settings=\"{&quot;ekit_we_effect_on&quot;:&quot;none&quot;}\" data-widget_type=\"html.default\">\n\t\t\t\t<div class=\"elementor-widget-container\">\n\t\t\t\t\t<div>\n\n\n    <meta charset=\"UTF-8\">\n    <meta name=\"viewport\" content=\"width=anchura-dispositivo, initial-scale=1.0\">\n    <title>Bot\u00f3n Copiar<\/title>\n\n    <style>\n        \/* Estilos para o bot\u00e3o *\/\n        #botaoCopiar {\n            padding: 10px 20px; \/* Ajuste o tamanho conforme necess\u00e1rio *\/\n            font-size: 16px; \/* Ajuste o tamanho da fonte conforme necess\u00e1rio *\/\n        }\n    <\/style>\n\n\n\n<!-- Bot\u00e3o -->\n<button id=\"botaoCopiar\" onclick=\"copiarParaAreaDeTransferencia()\">COPIAR mbway<\/button>\n\n<script>\n    function copiarParaAreaDeTransferencia() {\n        \/\/ Conte\u00fado a ser copiado\n        var conteudo = \"PT50 000700000046 201284423\";\n\n        \/\/ Copia para a \u00e1rea de transfer\u00eancia\n        navigator.clipboard.writeText(conteudo);\n\n        \/\/ Atualiza o texto do bot\u00e3o e muda a cor de fundo e fonte\n        var botao = document.getElementById(\"botaoCopiar\");\n        botao.innerHTML = \"Copiado!\";\n        botao.style.backgroundColor = \"black\";\n        botao.style.color = \"white\";\n\n        \/\/ Aguarda 3 segundos e volta ao estado original\n        setTimeout(function() {\n            botao.innerHTML = \"Copiar\";\n            botao.style.backgroundColor = \"\";\n            botao.style.color = \"\";\n        }, 3000);\n    }\n<\/script>\n\n\n\n<\/div>\t\t\t\t<\/div>\n\t\t\t\t<\/div>\n\t\t\t\t<div class=\"elementor-element elementor-element-1803d76 elementor-widget elementor-widget-html\" data-id=\"1803d76\" data-element_type=\"widget\" data-e-type=\"widget\" data-settings=\"{&quot;ekit_we_effect_on&quot;:&quot;none&quot;}\" data-widget_type=\"html.default\">\n\t\t\t\t<div class=\"elementor-widget-container\">\n\t\t\t\t\t<div>\n\n\n    <meta charset=\"UTF-8\">\n    <meta name=\"viewport\" content=\"width=anchura-dispositivo, initial-scale=1.0\">\n    <title>Bot\u00f3n Copiar<\/title>\n\n    <style>\n        \/* Estilos para o bot\u00e3o *\/\n        #botaoCopiar {\n            padding: 10px 20px; \/* Ajuste o tamanho conforme necess\u00e1rio *\/\n            font-size: 16px; \/* Ajuste o tamanho da fonte conforme necess\u00e1rio *\/\n        }\n    <\/style>\n\n\n\n<!-- Bot\u00e3o -->\n<button id=\"botaoCopiar\" onclick=\"copiarParaAreaDeTransferencia()\">COPIAR vencejo<\/button>\n\n<script>\n    function copiarParaAreaDeTransferencia() {\n        \/\/ Conte\u00fado a ser copiado\n        var conteudo = \"BESCPTPL\";\n\n        \/\/ Copia para a \u00e1rea de transfer\u00eancia\n        navigator.clipboard.writeText(conteudo);\n\n        \/\/ Atualiza o texto do bot\u00e3o e muda a cor de fundo e fonte\n        var botao = document.getElementById(\"botaoCopiar\");\n        botao.innerHTML = \"Copiado!\";\n        botao.style.backgroundColor = \"black\";\n        botao.style.color = \"white\";\n\n        \/\/ Aguarda 3 segundos e volta ao estado original\n        setTimeout(function() {\n            botao.innerHTML = \"Copiar\";\n            botao.style.backgroundColor = \"\";\n            botao.style.color = \"\";\n        }, 3000);\n    }\n<\/script>\n\n\n\n<\/div>\t\t\t\t<\/div>\n\t\t\t\t<\/div>\n\t\t\t\t<\/div>\n\t\t<div class=\"elementor-element elementor-element-d33d3e3 e-con-full e-flex e-con e-child\" data-id=\"d33d3e3\" data-element_type=\"container\" data-e-type=\"container\" data-settings=\"{&quot;ekit_has_onepagescroll_dot&quot;:&quot;yes&quot;}\">\n\t\t\t\t<div class=\"elementor-element elementor-element-029dfa2 elementor-widget elementor-widget-image\" data-id=\"029dfa2\" data-element_type=\"widget\" data-e-type=\"widget\" data-settings=\"{&quot;ekit_we_effect_on&quot;:&quot;none&quot;}\" data-widget_type=\"image.default\">\n\t\t\t\t<div class=\"elementor-widget-container\">\n\t\t\t\t\t\t\t\t\t\t\t\t\t\t\t<img loading=\"lazy\" decoding=\"async\" width=\"1864\" height=\"1760\" src=\"https:\/\/pilaresdasaude.pt\/wp-content\/uploads\/2024\/06\/dra-andreia-home.png\" class=\"attachment-full size-full wp-image-17567\" alt=\"\" srcset=\"https:\/\/pilaresdasaude.pt\/wp-content\/uploads\/2024\/06\/dra-andreia-home.png 1864w, https:\/\/pilaresdasaude.pt\/wp-content\/uploads\/2024\/06\/dra-andreia-home-318x300.png 318w, https:\/\/pilaresdasaude.pt\/wp-content\/uploads\/2024\/06\/dra-andreia-home-847x800.png 847w, https:\/\/pilaresdasaude.pt\/wp-content\/uploads\/2024\/06\/dra-andreia-home-768x725.png 768w, https:\/\/pilaresdasaude.pt\/wp-content\/uploads\/2024\/06\/dra-andreia-home-1536x1450.png 1536w\" sizes=\"auto, (max-width: 1864px) 100vw, 1864px\" \/>\t\t\t\t\t\t\t\t\t\t\t\t\t\t\t<\/div>\n\t\t\t\t<\/div>\n\t\t\t\t<\/div>\n\t\t\t\t\t<\/div>\n\t\t\t\t<\/div>\n\t\t\t\t<\/div>\n\t\t","protected":false},"excerpt":{"rendered":"<p>Gracias por elegirnos. Realice su pago utilizando los datos que figuran a continuaci\u00f3n: IBAN EST\u00c9TICA: PT50 0007 0000 0046 2012<\/p>\n","protected":false},"author":1,"featured_media":0,"parent":0,"menu_order":0,"comment_status":"closed","ping_status":"closed","template":"elementor_canvas","meta":{"footnotes":""},"class_list":["post-20716","page","type-page","status-publish","hentry"],"yoast_head":"<!-- This site is optimized with the Yoast SEO Premium plugin v21.7 (Yoast SEO v21.7) - https:\/\/yoast.com\/wordpress\/plugins\/seo\/ -->\n<title>Informaci\u00f3n de pago - Pilares da Sa\u00fade<\/title>\n<meta name=\"robots\" content=\"index, follow, max-snippet:-1, max-image-preview:large, max-video-preview:-1\" \/>\n<link rel=\"canonical\" href=\"https:\/\/pilaresdasaude.pt\/es\/informacion-de-pago\/\" \/>\n<meta property=\"og:locale\" content=\"es_ES\" \/>\n<meta property=\"og:type\" content=\"article\" \/>\n<meta property=\"og:title\" content=\"Informaci\u00f3n de pago\" \/>\n<meta property=\"og:description\" content=\"Gracias por elegirnos. Realice su pago utilizando los datos que figuran a continuaci\u00f3n: IBAN EST\u00c9TICA: PT50 0007 0000 0046 2012\" \/>\n<meta property=\"og:url\" content=\"https:\/\/pilaresdasaude.pt\/es\/informacion-de-pago\/\" \/>\n<meta property=\"og:site_name\" content=\"Pilares da Sa\u00fade\" \/>\n<meta property=\"article:modified_time\" content=\"2025-07-25T10:16:57+00:00\" \/>\n<meta property=\"og:image\" content=\"http:\/\/pilaresdasaude.pt\/wp-content\/uploads\/2024\/06\/dra-andreia-home.png\" \/>\n<meta name=\"twitter:card\" content=\"summary_large_image\" \/>\n<script type=\"application\/ld+json\" class=\"yoast-schema-graph\">{\"@context\":\"https:\/\/schema.org\",\"@graph\":[{\"@type\":\"WebPage\",\"@id\":\"https:\/\/pilaresdasaude.pt\/es\/informacion-de-pago\/\",\"url\":\"https:\/\/pilaresdasaude.pt\/es\/informacion-de-pago\/\",\"name\":\"Informaci\u00f3n de pago - Pilares da Sa\u00fade\",\"isPartOf\":{\"@id\":\"https:\/\/pilaresdasaude.pt\/es\/#website\"},\"datePublished\":\"2024-07-04T16:58:41+00:00\",\"dateModified\":\"2025-07-25T10:16:57+00:00\",\"breadcrumb\":{\"@id\":\"https:\/\/pilaresdasaude.pt\/es\/informacion-de-pago\/#breadcrumb\"},\"inLanguage\":\"es\",\"potentialAction\":[{\"@type\":\"ReadAction\",\"target\":[\"https:\/\/pilaresdasaude.pt\/es\/informacion-de-pago\/\"]}]},{\"@type\":\"BreadcrumbList\",\"@id\":\"https:\/\/pilaresdasaude.pt\/es\/informacion-de-pago\/#breadcrumb\",\"itemListElement\":[{\"@type\":\"ListItem\",\"position\":1,\"name\":\"In\u00edcio\",\"item\":\"https:\/\/pilaresdasaude.pt\/es\/\"},{\"@type\":\"ListItem\",\"position\":2,\"name\":\"Informaci\u00f3n de pago\"}]},{\"@type\":\"WebSite\",\"@id\":\"https:\/\/pilaresdasaude.pt\/es\/#website\",\"url\":\"https:\/\/pilaresdasaude.pt\/es\/\",\"name\":\"Pilares da sa\u00fade\",\"description\":\"Cl\u00ednica M\u00e9dica e Est\u00e9tica\",\"publisher\":{\"@id\":\"https:\/\/pilaresdasaude.pt\/es\/#organization\"},\"potentialAction\":[{\"@type\":\"SearchAction\",\"target\":{\"@type\":\"EntryPoint\",\"urlTemplate\":\"https:\/\/pilaresdasaude.pt\/es\/?s={search_term_string}\"},\"query-input\":\"required name=search_term_string\"}],\"inLanguage\":\"es\"},{\"@type\":\"Organization\",\"@id\":\"https:\/\/pilaresdasaude.pt\/es\/#organization\",\"name\":\"Pilares da sa\u00fade\",\"url\":\"https:\/\/pilaresdasaude.pt\/es\/\",\"logo\":{\"@type\":\"ImageObject\",\"inLanguage\":\"es\",\"@id\":\"https:\/\/pilaresdasaude.pt\/es\/#\/schema\/logo\/image\/\",\"url\":\"http:\/\/pilaresdasaude.pt\/wp-content\/uploads\/2021\/10\/pilares-da-saude-fav.svg\",\"contentUrl\":\"http:\/\/pilaresdasaude.pt\/wp-content\/uploads\/2021\/10\/pilares-da-saude-fav.svg\",\"width\":512,\"height\":512,\"caption\":\"Pilares da sa\u00fade\"},\"image\":{\"@id\":\"https:\/\/pilaresdasaude.pt\/es\/#\/schema\/logo\/image\/\"}}]}<\/script>\n<!-- \/ Yoast SEO Premium plugin. -->","yoast_head_json":{"title":"Informaci\u00f3n de pago - Pilares da Sa\u00fade","robots":{"index":"index","follow":"follow","max-snippet":"max-snippet:-1","max-image-preview":"max-image-preview:large","max-video-preview":"max-video-preview:-1"},"canonical":"https:\/\/pilaresdasaude.pt\/es\/informacion-de-pago\/","og_locale":"es_ES","og_type":"article","og_title":"Informaci\u00f3n de pago","og_description":"Gracias por elegirnos. Realice su pago utilizando los datos que figuran a continuaci\u00f3n: IBAN EST\u00c9TICA: PT50 0007 0000 0046 2012","og_url":"https:\/\/pilaresdasaude.pt\/es\/informacion-de-pago\/","og_site_name":"Pilares da Sa\u00fade","article_modified_time":"2025-07-25T10:16:57+00:00","og_image":[{"url":"http:\/\/pilaresdasaude.pt\/wp-content\/uploads\/2024\/06\/dra-andreia-home.png"}],"twitter_card":"summary_large_image","schema":{"@context":"https:\/\/schema.org","@graph":[{"@type":"WebPage","@id":"https:\/\/pilaresdasaude.pt\/es\/informacion-de-pago\/","url":"https:\/\/pilaresdasaude.pt\/es\/informacion-de-pago\/","name":"Informaci\u00f3n de pago - Pilares da Sa\u00fade","isPartOf":{"@id":"https:\/\/pilaresdasaude.pt\/es\/#website"},"datePublished":"2024-07-04T16:58:41+00:00","dateModified":"2025-07-25T10:16:57+00:00","breadcrumb":{"@id":"https:\/\/pilaresdasaude.pt\/es\/informacion-de-pago\/#breadcrumb"},"inLanguage":"es","potentialAction":[{"@type":"ReadAction","target":["https:\/\/pilaresdasaude.pt\/es\/informacion-de-pago\/"]}]},{"@type":"BreadcrumbList","@id":"https:\/\/pilaresdasaude.pt\/es\/informacion-de-pago\/#breadcrumb","itemListElement":[{"@type":"ListItem","position":1,"name":"In\u00edcio","item":"https:\/\/pilaresdasaude.pt\/es\/"},{"@type":"ListItem","position":2,"name":"Informaci\u00f3n de pago"}]},{"@type":"WebSite","@id":"https:\/\/pilaresdasaude.pt\/es\/#website","url":"https:\/\/pilaresdasaude.pt\/es\/","name":"Pilares da sa\u00fade","description":"Cl\u00ednica M\u00e9dica e Est\u00e9tica","publisher":{"@id":"https:\/\/pilaresdasaude.pt\/es\/#organization"},"potentialAction":[{"@type":"SearchAction","target":{"@type":"EntryPoint","urlTemplate":"https:\/\/pilaresdasaude.pt\/es\/?s={search_term_string}"},"query-input":"required name=search_term_string"}],"inLanguage":"es"},{"@type":"Organization","@id":"https:\/\/pilaresdasaude.pt\/es\/#organization","name":"Pilares da sa\u00fade","url":"https:\/\/pilaresdasaude.pt\/es\/","logo":{"@type":"ImageObject","inLanguage":"es","@id":"https:\/\/pilaresdasaude.pt\/es\/#\/schema\/logo\/image\/","url":"http:\/\/pilaresdasaude.pt\/wp-content\/uploads\/2021\/10\/pilares-da-saude-fav.svg","contentUrl":"http:\/\/pilaresdasaude.pt\/wp-content\/uploads\/2021\/10\/pilares-da-saude-fav.svg","width":512,"height":512,"caption":"Pilares da sa\u00fade"},"image":{"@id":"https:\/\/pilaresdasaude.pt\/es\/#\/schema\/logo\/image\/"}}]}},"_hostinger_reach_plugin_has_subscription_block":false,"_hostinger_reach_plugin_is_elementor":false,"_links":{"self":[{"href":"https:\/\/pilaresdasaude.pt\/es\/wp-json\/wp\/v2\/pages\/20716","targetHints":{"allow":["GET"]}}],"collection":[{"href":"https:\/\/pilaresdasaude.pt\/es\/wp-json\/wp\/v2\/pages"}],"about":[{"href":"https:\/\/pilaresdasaude.pt\/es\/wp-json\/wp\/v2\/types\/page"}],"author":[{"embeddable":true,"href":"https:\/\/pilaresdasaude.pt\/es\/wp-json\/wp\/v2\/users\/1"}],"replies":[{"embeddable":true,"href":"https:\/\/pilaresdasaude.pt\/es\/wp-json\/wp\/v2\/comments?post=20716"}],"version-history":[{"count":1,"href":"https:\/\/pilaresdasaude.pt\/es\/wp-json\/wp\/v2\/pages\/20716\/revisions"}],"predecessor-version":[{"id":20718,"href":"https:\/\/pilaresdasaude.pt\/es\/wp-json\/wp\/v2\/pages\/20716\/revisions\/20718"}],"wp:attachment":[{"href":"https:\/\/pilaresdasaude.pt\/es\/wp-json\/wp\/v2\/media?parent=20716"}],"curies":[{"name":"wp","href":"https:\/\/api.w.org\/{rel}","templated":true}]}}