{"id":20721,"date":"2025-01-17T09:50:38","date_gmt":"2025-01-17T09:50:38","guid":{"rendered":"https:\/\/lime-barracuda-517323.hostingersite.com\/politica-de-calidad\/"},"modified":"2025-07-25T10:16:57","modified_gmt":"2025-07-25T10:16:57","slug":"politica-de-calidad","status":"publish","type":"page","link":"https:\/\/pilaresdasaude.pt\/es\/politica-de-calidad\/","title":{"rendered":"Pol\u00edtica de calidad"},"content":{"rendered":"\t\t<div data-elementor-type=\"wp-page\" data-elementor-id=\"20721\" class=\"elementor elementor-20721 elementor-18416\" data-elementor-post-type=\"page\">\n\t\t\t\t<div class=\"wd-negative-gap elementor-element elementor-element-0818692 e-flex e-con-boxed e-con e-parent\" data-id=\"0818692\" data-element_type=\"container\" data-e-type=\"container\" data-settings=\"{&quot;ekit_has_onepagescroll_dot&quot;:&quot;yes&quot;}\">\n\t\t\t\t\t<div class=\"e-con-inner\">\n\t\t\t\t<div class=\"elementor-element elementor-element-8b0615e elementor-widget elementor-widget-wd_text_block\" data-id=\"8b0615e\" data-element_type=\"widget\" data-e-type=\"widget\" data-settings=\"{&quot;ekit_we_effect_on&quot;:&quot;none&quot;}\" data-widget_type=\"wd_text_block.default\">\n\t\t\t\t<div class=\"elementor-widget-container\">\n\t\t\t\t\t\t\t<div class=\"wd-text-block reset-last-child text-left\">\n\t\t\t\n\t\t\t<p>Pilares da Sa\u00fade se esfuerza por ser un referente en el sector sanitario, situando a sus pacientes y clientes en el centro del proceso, con el objetivo de ofrecer un servicio sanitario de calidad superior.<\/p><p><br>La pasi\u00f3n que acompa\u00f1a a diario el trabajo de la direcci\u00f3n revela su compromiso total con la satisfacci\u00f3n de las necesidades y expectativas de sus pacientes y de todas las partes interesadas.<\/p><p><br>En Pilares da Sa\u00fade, la estrategia de implantaci\u00f3n de un sistema de gesti\u00f3n de la calidad conforme a la norma ISO 9001:2015, as\u00ed como la afirmaci\u00f3n de su cultura basada en la calidad mediante la formalizaci\u00f3n de una metodolog\u00eda basada, entre otros aspectos, en la gesti\u00f3n por procesos y en la identificaci\u00f3n de riesgos y oportunidades con vistas a la mejora continua, se considera una ventaja competitiva para lograr la satisfacci\u00f3n de sus pacientes y clientes.<\/p><p><br>En consonancia con el est\u00e1ndar de excelencia de los productos ofrecidos y servicios prestados, en Pilares da Sa\u00fade, el equipo se desempe\u00f1a con alta competencia y compromiso en sus actividades en la cl\u00ednica. Los profesionales comparten la misma visi\u00f3n y valores y se unen al m\u00e1ximo de sus capacidades.<\/p><p><br>Promover la educaci\u00f3n sanitaria y h\u00e1bitos de vida saludables, as\u00ed como invertir en la competencia profesional para ofrecer a sus pacientes medicina preventiva y funcional de forma personalizada, forman parte integrante de la misi\u00f3n de Pilares da Sa\u00fade.<\/p><p><br>El compromiso con la salud, la familia y la b\u00fasqueda de la satisfacci\u00f3n personal y profesional son los principales valores de Pilares da Sa\u00fade.<\/p>\n\t\t\t\t\t<\/div>\n\t\t\t\t\t\t<\/div>\n\t\t\t\t<\/div>\n\t\t\t\t<div class=\"elementor-element elementor-element-b23f7f7 elementor-widget elementor-widget-wd_button\" data-id=\"b23f7f7\" data-element_type=\"widget\" data-e-type=\"widget\" data-settings=\"{&quot;ekit_we_effect_on&quot;:&quot;none&quot;}\" data-widget_type=\"wd_button.default\">\n\t\t\t\t<div class=\"elementor-widget-container\">\n\t\t\t\t\t\t\t<div class=\"wd-button-wrapper text-center\" >\n\t\t\t<a class=\"btn btn-style-default btn-shape-rectangle btn-size-default btn-icon-pos-right\"  href=\"https:\/\/lime-barracuda-517323.hostingersite.com\/politica-de-qualidade.pdf\">\n\t\t\t\t<span class=\"wd-btn-text\" data-elementor-setting-key=\"text\">\n\t\t\t\t\tM\u00e1s informaci\u00f3n\t\t\t\t<\/span>\n\n\t\t\t\t\t\t\t<\/a>\n\t\t<\/div>\n\t\t\t\t\t\t<\/div>\n\t\t\t\t<\/div>\n\t\t\t\t\t<\/div>\n\t\t\t\t<\/div>\n\t\t\t\t<\/div>\n\t\t","protected":false},"excerpt":{"rendered":"<p>Pilares da Sa\u00fade se esfuerza por ser un referente en el sector sanitario, situando a sus pacientes y clientes en<\/p>\n","protected":false},"author":1,"featured_media":0,"parent":0,"menu_order":0,"comment_status":"closed","ping_status":"closed","template":"","meta":{"footnotes":""},"class_list":["post-20721","page","type-page","status-publish","hentry"],"yoast_head":"<!-- This site is optimized with the Yoast SEO Premium plugin v21.7 (Yoast SEO v21.7) - https:\/\/yoast.com\/wordpress\/plugins\/seo\/ -->\n<title>Pol\u00edtica de calidad - Pilares da Sa\u00fade<\/title>\n<meta name=\"robots\" content=\"index, follow, max-snippet:-1, max-image-preview:large, max-video-preview:-1\" \/>\n<link rel=\"canonical\" href=\"https:\/\/pilaresdasaude.pt\/es\/politica-de-calidad\/\" \/>\n<meta property=\"og:locale\" content=\"es_ES\" \/>\n<meta property=\"og:type\" content=\"article\" \/>\n<meta property=\"og:title\" content=\"Pol\u00edtica de calidad\" \/>\n<meta property=\"og:description\" content=\"Pilares da Sa\u00fade se esfuerza por ser un referente en el sector sanitario, situando a sus pacientes y clientes en\" \/>\n<meta property=\"og:url\" content=\"https:\/\/pilaresdasaude.pt\/es\/politica-de-calidad\/\" \/>\n<meta property=\"og:site_name\" content=\"Pilares da Sa\u00fade\" \/>\n<meta property=\"article:modified_time\" content=\"2025-07-25T10:16:57+00:00\" \/>\n<meta name=\"twitter:card\" content=\"summary_large_image\" \/>\n<meta name=\"twitter:label1\" content=\"Tiempo de lectura\" \/>\n\t<meta name=\"twitter:data1\" content=\"1 minuto\" \/>\n<script type=\"application\/ld+json\" class=\"yoast-schema-graph\">{\"@context\":\"https:\/\/schema.org\",\"@graph\":[{\"@type\":\"WebPage\",\"@id\":\"https:\/\/pilaresdasaude.pt\/es\/politica-de-calidad\/\",\"url\":\"https:\/\/pilaresdasaude.pt\/es\/politica-de-calidad\/\",\"name\":\"Pol\u00edtica de calidad - Pilares da Sa\u00fade\",\"isPartOf\":{\"@id\":\"https:\/\/pilaresdasaude.pt\/es\/#website\"},\"datePublished\":\"2025-01-17T09:50:38+00:00\",\"dateModified\":\"2025-07-25T10:16:57+00:00\",\"breadcrumb\":{\"@id\":\"https:\/\/pilaresdasaude.pt\/es\/politica-de-calidad\/#breadcrumb\"},\"inLanguage\":\"es\",\"potentialAction\":[{\"@type\":\"ReadAction\",\"target\":[\"https:\/\/pilaresdasaude.pt\/es\/politica-de-calidad\/\"]}]},{\"@type\":\"BreadcrumbList\",\"@id\":\"https:\/\/pilaresdasaude.pt\/es\/politica-de-calidad\/#breadcrumb\",\"itemListElement\":[{\"@type\":\"ListItem\",\"position\":1,\"name\":\"In\u00edcio\",\"item\":\"https:\/\/pilaresdasaude.pt\/es\/\"},{\"@type\":\"ListItem\",\"position\":2,\"name\":\"Pol\u00edtica de calidad\"}]},{\"@type\":\"WebSite\",\"@id\":\"https:\/\/pilaresdasaude.pt\/es\/#website\",\"url\":\"https:\/\/pilaresdasaude.pt\/es\/\",\"name\":\"Pilares da sa\u00fade\",\"description\":\"Cl\u00ednica M\u00e9dica e Est\u00e9tica\",\"publisher\":{\"@id\":\"https:\/\/pilaresdasaude.pt\/es\/#organization\"},\"potentialAction\":[{\"@type\":\"SearchAction\",\"target\":{\"@type\":\"EntryPoint\",\"urlTemplate\":\"https:\/\/pilaresdasaude.pt\/es\/?s={search_term_string}\"},\"query-input\":\"required name=search_term_string\"}],\"inLanguage\":\"es\"},{\"@type\":\"Organization\",\"@id\":\"https:\/\/pilaresdasaude.pt\/es\/#organization\",\"name\":\"Pilares da sa\u00fade\",\"url\":\"https:\/\/pilaresdasaude.pt\/es\/\",\"logo\":{\"@type\":\"ImageObject\",\"inLanguage\":\"es\",\"@id\":\"https:\/\/pilaresdasaude.pt\/es\/#\/schema\/logo\/image\/\",\"url\":\"http:\/\/pilaresdasaude.pt\/wp-content\/uploads\/2021\/10\/pilares-da-saude-fav.svg\",\"contentUrl\":\"http:\/\/pilaresdasaude.pt\/wp-content\/uploads\/2021\/10\/pilares-da-saude-fav.svg\",\"width\":512,\"height\":512,\"caption\":\"Pilares da sa\u00fade\"},\"image\":{\"@id\":\"https:\/\/pilaresdasaude.pt\/es\/#\/schema\/logo\/image\/\"}}]}<\/script>\n<!-- \/ Yoast SEO Premium plugin. -->","yoast_head_json":{"title":"Pol\u00edtica de calidad - Pilares da Sa\u00fade","robots":{"index":"index","follow":"follow","max-snippet":"max-snippet:-1","max-image-preview":"max-image-preview:large","max-video-preview":"max-video-preview:-1"},"canonical":"https:\/\/pilaresdasaude.pt\/es\/politica-de-calidad\/","og_locale":"es_ES","og_type":"article","og_title":"Pol\u00edtica de calidad","og_description":"Pilares da Sa\u00fade se esfuerza por ser un referente en el sector sanitario, situando a sus pacientes y clientes en","og_url":"https:\/\/pilaresdasaude.pt\/es\/politica-de-calidad\/","og_site_name":"Pilares da Sa\u00fade","article_modified_time":"2025-07-25T10:16:57+00:00","twitter_card":"summary_large_image","twitter_misc":{"Tiempo de lectura":"1 minuto"},"schema":{"@context":"https:\/\/schema.org","@graph":[{"@type":"WebPage","@id":"https:\/\/pilaresdasaude.pt\/es\/politica-de-calidad\/","url":"https:\/\/pilaresdasaude.pt\/es\/politica-de-calidad\/","name":"Pol\u00edtica de calidad - Pilares da Sa\u00fade","isPartOf":{"@id":"https:\/\/pilaresdasaude.pt\/es\/#website"},"datePublished":"2025-01-17T09:50:38+00:00","dateModified":"2025-07-25T10:16:57+00:00","breadcrumb":{"@id":"https:\/\/pilaresdasaude.pt\/es\/politica-de-calidad\/#breadcrumb"},"inLanguage":"es","potentialAction":[{"@type":"ReadAction","target":["https:\/\/pilaresdasaude.pt\/es\/politica-de-calidad\/"]}]},{"@type":"BreadcrumbList","@id":"https:\/\/pilaresdasaude.pt\/es\/politica-de-calidad\/#breadcrumb","itemListElement":[{"@type":"ListItem","position":1,"name":"In\u00edcio","item":"https:\/\/pilaresdasaude.pt\/es\/"},{"@type":"ListItem","position":2,"name":"Pol\u00edtica de calidad"}]},{"@type":"WebSite","@id":"https:\/\/pilaresdasaude.pt\/es\/#website","url":"https:\/\/pilaresdasaude.pt\/es\/","name":"Pilares da sa\u00fade","description":"Cl\u00ednica M\u00e9dica e Est\u00e9tica","publisher":{"@id":"https:\/\/pilaresdasaude.pt\/es\/#organization"},"potentialAction":[{"@type":"SearchAction","target":{"@type":"EntryPoint","urlTemplate":"https:\/\/pilaresdasaude.pt\/es\/?s={search_term_string}"},"query-input":"required name=search_term_string"}],"inLanguage":"es"},{"@type":"Organization","@id":"https:\/\/pilaresdasaude.pt\/es\/#organization","name":"Pilares da sa\u00fade","url":"https:\/\/pilaresdasaude.pt\/es\/","logo":{"@type":"ImageObject","inLanguage":"es","@id":"https:\/\/pilaresdasaude.pt\/es\/#\/schema\/logo\/image\/","url":"http:\/\/pilaresdasaude.pt\/wp-content\/uploads\/2021\/10\/pilares-da-saude-fav.svg","contentUrl":"http:\/\/pilaresdasaude.pt\/wp-content\/uploads\/2021\/10\/pilares-da-saude-fav.svg","width":512,"height":512,"caption":"Pilares da sa\u00fade"},"image":{"@id":"https:\/\/pilaresdasaude.pt\/es\/#\/schema\/logo\/image\/"}}]}},"_hostinger_reach_plugin_has_subscription_block":false,"_hostinger_reach_plugin_is_elementor":false,"_links":{"self":[{"href":"https:\/\/pilaresdasaude.pt\/es\/wp-json\/wp\/v2\/pages\/20721","targetHints":{"allow":["GET"]}}],"collection":[{"href":"https:\/\/pilaresdasaude.pt\/es\/wp-json\/wp\/v2\/pages"}],"about":[{"href":"https:\/\/pilaresdasaude.pt\/es\/wp-json\/wp\/v2\/types\/page"}],"author":[{"embeddable":true,"href":"https:\/\/pilaresdasaude.pt\/es\/wp-json\/wp\/v2\/users\/1"}],"replies":[{"embeddable":true,"href":"https:\/\/pilaresdasaude.pt\/es\/wp-json\/wp\/v2\/comments?post=20721"}],"version-history":[{"count":1,"href":"https:\/\/pilaresdasaude.pt\/es\/wp-json\/wp\/v2\/pages\/20721\/revisions"}],"predecessor-version":[{"id":20723,"href":"https:\/\/pilaresdasaude.pt\/es\/wp-json\/wp\/v2\/pages\/20721\/revisions\/20723"}],"wp:attachment":[{"href":"https:\/\/pilaresdasaude.pt\/es\/wp-json\/wp\/v2\/media?parent=20721"}],"curies":[{"name":"wp","href":"https:\/\/api.w.org\/{rel}","templated":true}]}}